{"id":103,"date":"2014-01-21T19:32:39","date_gmt":"2014-01-21T17:32:39","guid":{"rendered":"http:\/\/www2169.vu.lt\/?page_id=103"},"modified":"2026-03-23T20:49:28","modified_gmt":"2026-03-23T18:49:28","slug":"ugdymas","status":"publish","type":"page","link":"https:\/\/www.baisogalosmd.radviliskis.lm.lt\/?page_id=103","title":{"rendered":"Ugdymas"},"content":{"rendered":"<h1><a href=\"https:\/\/www.baisogalosmd.radviliskis.lm.lt\/wp-content\/uploads\/2025\/10\/25-26-m.-BaisogalosPRADINIU-TVARKAR.doc\" target=\"_blank\" rel=\"noopener\"><strong>Baisogalos mokyklos-dar\u017eelio pamok\u0173&nbsp; tvarkara\u0161tis&nbsp;<\/strong><\/a><\/h1>\n<h1><span style=\"color: #800000;\"><a style=\"color: #800000;\" href=\"https:\/\/www.baisogalosmd.radviliskis.lm.lt\/wp-content\/uploads\/2025\/11\/Baisogalos-m-d-Strateginis-2025-2027.pdf\" target=\"_blank\" rel=\"noopener\">Strateginis planas 2025-2027 m.<\/a><\/span><\/h1>\n<h1><a href=\"https:\/\/www.baisogalosmd.radviliskis.lm.lt\/wp-content\/uploads\/2025\/09\/UGDYMO-PL2025-2026.pdf\" target=\"_blank\" rel=\"noopener\"><strong>2025-2026 m. m. ugdymo planas<\/strong><\/a><\/h1>\n<h1 style=\"text-align: left;\"><strong><a href=\"https:\/\/www.baisogalosmd.radviliskis.lm.lt\/\/wp-content\/uploads\/2020\/11\/nuotoliono-ugdymo-apra\u0161as.docx\" target=\"_blank\" rel=\"noopener noreferrer\">Nuotolinio ugdymo organizavimo tvarka<\/a><\/strong><\/h1>\n<h1 style=\"text-align: left;\"><a href=\"https:\/\/www.baisogalosmd.radviliskis.lm.lt\/wp-content\/uploads\/2024\/11\/2023-2028-SVEIKATOS-STIPRINIMO-PROGRAMA.pdf\" target=\"_blank\" rel=\"noopener\"><strong>Sveikatos ugdymo programa<\/strong><\/a><\/h1>\n<h1 style=\"text-align: left;\"><a href=\"https:\/\/www.baisogalosmd.radviliskis.lm.lt\/wp-content\/uploads\/2025\/08\/Baisogalos-md-IUP-patvirtinta.pdf\" target=\"_blank\" rel=\"noopener\"><strong>Ikimokyklinio ugdymo programa<\/strong><\/a><\/h1>\n<h1 style=\"text-align: left;\"><a href=\"https:\/\/www.baisogalosmd.radviliskis.lm.lt\/wp-content\/uploads\/2025\/11\/BAISOGALOS-2025-2026-PU-TVARKOS-APRASAS.pdf\" target=\"_blank\" rel=\"noopener\"><strong>Prie\u0161mokyklinio ugdymo tvarkos apra\u0161as<\/strong><\/a><\/h1>\n<h1 style=\"text-align: left;\"><a href=\"https:\/\/www.baisogalosmd.radviliskis.lm.lt\/wp-content\/uploads\/2025\/12\/Baisogalos-mokyklos-darzelio-nuostatai.pdf\" target=\"_blank\" rel=\"noopener\"><strong>Mokyklos-dar\u017eelio nuostatai<\/strong><\/a><\/h1>\n<h1 style=\"text-align: center;\"><span style=\"font-family: times new roman,times; font-size: medium;\"><strong>Mokiniams skiriamos atostogos&nbsp;<\/strong><br \/>\n<\/span><\/h1>\n<p style=\"text-align: center;\"><!-- [if gte mso 9]><xml>\n<o:OfficeDocumentSettings>\n<o:AllowPNG><\/o:AllowPNG>\n<\/o:OfficeDocumentSettings>\n<\/xml><![endif]--><\/p>\n<p style=\"text-align: center;\"><!-- [if gte mso 9]><xml>\n<w:WordDocument>\n<w:View>Normal<\/w:View>\n<w:Zoom>0<\/w:Zoom>\n<w:TrackMoves><\/w:TrackMoves>\n<w:TrackFormatting><\/w:TrackFormatting>\n<w:HyphenationZone>19<\/w:HyphenationZone>\n<w:PunctuationKerning><\/w:PunctuationKerning>\n<w:ValidateAgainstSchemas><\/w:ValidateAgainstSchemas>\n<w:SaveIfXMLInvalid>false<\/w:SaveIfXMLInvalid>\n<w:IgnoreMixedContent>false<\/w:IgnoreMixedContent>\n<w:AlwaysShowPlaceholderText>false<\/w:AlwaysShowPlaceholderText>\n<w:DoNotPromoteQF><\/w:DoNotPromoteQF>\n<w:LidThemeOther>LT<\/w:LidThemeOther>\n<w:LidThemeAsian>X-NONE<\/w:LidThemeAsian>\n<w:LidThemeComplexScript>X-NONE<\/w:LidThemeComplexScript>\n<w:Compatibility>\n<w:BreakWrappedTables><\/w:BreakWrappedTables>\n<w:SnapToGridInCell><\/w:SnapToGridInCell>\n<w:WrapTextWithPunct><\/w:WrapTextWithPunct>\n<w:UseAsianBreakRules><\/w:UseAsianBreakRules>\n<w:DontGrowAutofit><\/w:DontGrowAutofit>\n<w:SplitPgBreakAndParaMark><\/w:SplitPgBreakAndParaMark>\n<w:EnableOpenTypeKerning><\/w:EnableOpenTypeKerning>\n<w:DontFlipMirrorIndents><\/w:DontFlipMirrorIndents>\n<w:OverrideTableStyleHps><\/w:OverrideTableStyleHps>\n<\/w:Compatibility>\n<m:mathPr>\n<m:mathFont m:val=\"Cambria Math\"><\/m:mathFont>\n<m:brkBin m:val=\"before\"><\/m:brkBin>\n<m:brkBinSub m:val=\"&#45;-\"><\/m:brkBinSub>\n<m:smallFrac m:val=\"off\"><\/m:smallFrac>\n<m:dispDef><\/m:dispDef>\n<m:lMargin m:val=\"0\"><\/m:lMargin>\n<m:rMargin m:val=\"0\"><\/m:rMargin>\n<m:defJc m:val=\"centerGroup\"><\/m:defJc>\n<m:wrapIndent m:val=\"1440\"><\/m:wrapIndent>\n<m:intLim m:val=\"subSup\"><\/m:intLim>\n<m:naryLim m:val=\"undOvr\"><\/m:naryLim>\n<\/m:mathPr><\/w:WordDocument>\n<\/xml><![endif]--><!-- [if gte mso 9]><xml>\n<w:LatentStyles DefLockedState=\"false\" DefUnhideWhenUsed=\"true\" DefSemiHidden=\"true\" DefQFormat=\"false\" DefPriority=\"99\" LatentStyleCount=\"267\">\n<w:LsdException Locked=\"false\" Priority=\"0\" SemiHidden=\"false\" UnhideWhenUsed=\"false\" QFormat=\"true\" Name=\"Normal\"><\/w:LsdException>\n<w:LsdException Locked=\"false\" Priority=\"9\" SemiHidden=\"false\" UnhideWhenUsed=\"false\" QFormat=\"true\" Name=\"heading 1\"><\/w:LsdException>\n<w:LsdException Locked=\"false\" Priority=\"9\" QFormat=\"true\" Name=\"heading 2\"><\/w:LsdException>\n<w:LsdException Locked=\"false\" Priority=\"9\" QFormat=\"true\" Name=\"heading 3\"><\/w:LsdException>\n<w:LsdException Locked=\"false\" Priority=\"9\" QFormat=\"true\" Name=\"heading 4\"><\/w:LsdException>\n<w:LsdException Locked=\"false\" Priority=\"9\" QFormat=\"true\" Name=\"heading 5\"><\/w:LsdException>\n<w:LsdException Locked=\"false\" Priority=\"9\" QFormat=\"true\" Name=\"heading 6\"><\/w:LsdException>\n<w:LsdException Locked=\"false\" Priority=\"9\" QFormat=\"true\" Name=\"heading 7\"><\/w:LsdException>\n<w:LsdException Locked=\"false\" Priority=\"9\" QFormat=\"true\" Name=\"heading 8\"><\/w:LsdException>\n<w:LsdException Locked=\"false\" Priority=\"9\" QFormat=\"true\" Name=\"heading 9\"><\/w:LsdException>\n<w:LsdException Locked=\"false\" Priority=\"39\" Name=\"toc 1\"><\/w:LsdException>\n<w:LsdException Locked=\"false\" Priority=\"39\" Name=\"toc 2\"><\/w:LsdException>\n<w:LsdException Locked=\"false\" Priority=\"39\" Name=\"toc 3\"><\/w:LsdException>\n<w:LsdException Locked=\"false\" Priority=\"39\" Name=\"toc 4\"><\/w:LsdException>\n<w:LsdException Locked=\"false\" Priority=\"39\" Name=\"toc 5\"><\/w:LsdException>\n<w:LsdException Locked=\"false\" Priority=\"39\" Name=\"toc 6\"><\/w:LsdException>\n<w:LsdException Locked=\"false\" Priority=\"39\" Name=\"toc 7\"><\/w:LsdException>\n<w:LsdException Locked=\"false\" Priority=\"39\" Name=\"toc 8\"><\/w:LsdException>\n<w:LsdException Locked=\"false\" Priority=\"39\" Name=\"toc 9\"><\/w:LsdException>\n<w:LsdException Locked=\"false\" Priority=\"35\" QFormat=\"true\" Name=\"caption\"><\/w:LsdException>\n<w:LsdException Locked=\"false\" Priority=\"10\" SemiHidden=\"false\" UnhideWhenUsed=\"false\" QFormat=\"true\" Name=\"Title\"><\/w:LsdException>\n<w:LsdException Locked=\"false\" Priority=\"1\" Name=\"Default Paragraph Font\"><\/w:LsdException>\n<w:LsdException Locked=\"false\" Priority=\"11\" SemiHidden=\"false\" UnhideWhenUsed=\"false\" QFormat=\"true\" Name=\"Subtitle\"><\/w:LsdException>\n<w:LsdException Locked=\"false\" Priority=\"22\" SemiHidden=\"false\" UnhideWhenUsed=\"false\" QFormat=\"true\" Name=\"Strong\"><\/w:LsdException>\n<w:LsdException Locked=\"false\" Priority=\"20\" SemiHidden=\"false\" UnhideWhenUsed=\"false\" QFormat=\"true\" Name=\"Emphasis\"><\/w:LsdException>\n<w:LsdException Locked=\"false\" Priority=\"59\" SemiHidden=\"false\" UnhideWhenUsed=\"false\" Name=\"Table Grid\"><\/w:LsdException>\n<w:LsdException Locked=\"false\" UnhideWhenUsed=\"false\" Name=\"Placeholder Text\"><\/w:LsdException>\n<w:LsdException Locked=\"false\" Priority=\"1\" SemiHidden=\"false\" UnhideWhenUsed=\"false\" QFormat=\"true\" Name=\"No Spacing\"><\/w:LsdException>\n<w:LsdException Locked=\"false\" Priority=\"60\" SemiHidden=\"false\" UnhideWhenUsed=\"false\" Name=\"Light Shading\"><\/w:LsdException>\n<w:LsdException Locked=\"false\" Priority=\"61\" SemiHidden=\"false\" UnhideWhenUsed=\"false\" Name=\"Light List\"><\/w:LsdException>\n<w:LsdException Locked=\"false\" Priority=\"62\" SemiHidden=\"false\" UnhideWhenUsed=\"false\" Name=\"Light Grid\"><\/w:LsdException>\n<w:LsdException Locked=\"false\" Priority=\"63\" SemiHidden=\"false\" UnhideWhenUsed=\"false\" Name=\"Medium Shading 1\"><\/w:LsdException>\n<w:LsdException Locked=\"false\" Priority=\"64\" SemiHidden=\"false\" UnhideWhenUsed=\"false\" Name=\"Medium Shading 2\"><\/w:LsdException>\n<w:LsdException Locked=\"false\" Priority=\"65\" SemiHidden=\"false\" UnhideWhenUsed=\"false\" Name=\"Medium List 1\"><\/w:LsdException>\n<w:LsdException Locked=\"false\" Priority=\"66\" SemiHidden=\"false\" UnhideWhenUsed=\"false\" Name=\"Medium List 2\"><\/w:LsdException>\n<w:LsdException Locked=\"false\" Priority=\"67\" SemiHidden=\"false\" UnhideWhenUsed=\"false\" Name=\"Medium Grid 1\"><\/w:LsdException>\n<w:LsdException Locked=\"false\" Priority=\"68\" SemiHidden=\"false\" UnhideWhenUsed=\"false\" Name=\"Medium Grid 2\"><\/w:LsdException>\n<w:LsdException Locked=\"false\" Priority=\"69\" SemiHidden=\"false\" UnhideWhenUsed=\"false\" Name=\"Medium Grid 3\"><\/w:LsdException>\n<w:LsdException Locked=\"false\" Priority=\"70\" SemiHidden=\"false\" UnhideWhenUsed=\"false\" Name=\"Dark List\"><\/w:LsdException>\n<w:LsdException Locked=\"false\" Priority=\"71\" SemiHidden=\"false\" UnhideWhenUsed=\"false\" Name=\"Colorful Shading\"><\/w:LsdException>\n<w:LsdException Locked=\"false\" Priority=\"72\" SemiHidden=\"false\" UnhideWhenUsed=\"false\" Name=\"Colorful List\"><\/w:LsdException>\n<w:LsdException Locked=\"false\" Priority=\"73\" SemiHidden=\"false\" UnhideWhenUsed=\"false\" Name=\"Colorful Grid\"><\/w:LsdException>\n<w:LsdException Locked=\"false\" Priority=\"60\" SemiHidden=\"false\" UnhideWhenUsed=\"false\" Name=\"Light Shading Accent 1\"><\/w:LsdException>\n<w:LsdException Locked=\"false\" Priority=\"61\" SemiHidden=\"false\" UnhideWhenUsed=\"false\" Name=\"Light List Accent 1\"><\/w:LsdException>\n<w:LsdException Locked=\"false\" Priority=\"62\" SemiHidden=\"false\" UnhideWhenUsed=\"false\" Name=\"Light Grid Accent 1\"><\/w:LsdException>\n<w:LsdException Locked=\"false\" Priority=\"63\" SemiHidden=\"false\" UnhideWhenUsed=\"false\" Name=\"Medium Shading 1 Accent 1\"><\/w:LsdException>\n<w:LsdException Locked=\"false\" Priority=\"64\" SemiHidden=\"false\" UnhideWhenUsed=\"false\" Name=\"Medium Shading 2 Accent 1\"><\/w:LsdException>\n<w:LsdException Locked=\"false\" Priority=\"65\" SemiHidden=\"false\" UnhideWhenUsed=\"false\" Name=\"Medium List 1 Accent 1\"><\/w:LsdException>\n<w:LsdException Locked=\"false\" UnhideWhenUsed=\"false\" Name=\"Revision\"><\/w:LsdException>\n<w:LsdException Locked=\"false\" Priority=\"34\" SemiHidden=\"false\" UnhideWhenUsed=\"false\" QFormat=\"true\" Name=\"List Paragraph\"><\/w:LsdException>\n<w:LsdException Locked=\"false\" Priority=\"29\" SemiHidden=\"false\" UnhideWhenUsed=\"false\" QFormat=\"true\" Name=\"Quote\"><\/w:LsdException>\n<w:LsdException Locked=\"false\" Priority=\"30\" SemiHidden=\"false\" UnhideWhenUsed=\"false\" QFormat=\"true\" Name=\"Intense Quote\"><\/w:LsdException>\n<w:LsdException Locked=\"false\" Priority=\"66\" SemiHidden=\"false\" UnhideWhenUsed=\"false\" Name=\"Medium List 2 Accent 1\"><\/w:LsdException>\n<w:LsdException Locked=\"false\" Priority=\"67\" SemiHidden=\"false\" UnhideWhenUsed=\"false\" Name=\"Medium Grid 1 Accent 1\"><\/w:LsdException>\n<w:LsdException Locked=\"false\" Priority=\"68\" SemiHidden=\"false\" UnhideWhenUsed=\"false\" Name=\"Medium Grid 2 Accent 1\"><\/w:LsdException>\n<w:LsdException Locked=\"false\" Priority=\"69\" SemiHidden=\"false\" UnhideWhenUsed=\"false\" Name=\"Medium Grid 3 Accent 1\"><\/w:LsdException>\n<w:LsdException Locked=\"false\" Priority=\"70\" SemiHidden=\"false\" UnhideWhenUsed=\"false\" Name=\"Dark List Accent 1\"><\/w:LsdException>\n<w:LsdException Locked=\"false\" Priority=\"71\" SemiHidden=\"false\" UnhideWhenUsed=\"false\" Name=\"Colorful Shading Accent 1\"><\/w:LsdException>\n<w:LsdException Locked=\"false\" Priority=\"72\" SemiHidden=\"false\" UnhideWhenUsed=\"false\" Name=\"Colorful List Accent 1\"><\/w:LsdException>\n<w:LsdException Locked=\"false\" Priority=\"73\" SemiHidden=\"false\" UnhideWhenUsed=\"false\" Name=\"Colorful Grid Accent 1\"><\/w:LsdException>\n<w:LsdException Locked=\"false\" Priority=\"60\" SemiHidden=\"false\" UnhideWhenUsed=\"false\" Name=\"Light Shading Accent 2\"><\/w:LsdException>\n<w:LsdException Locked=\"false\" Priority=\"61\" SemiHidden=\"false\" UnhideWhenUsed=\"false\" Name=\"Light List Accent 2\"><\/w:LsdException>\n<w:LsdException Locked=\"false\" Priority=\"62\" SemiHidden=\"false\" UnhideWhenUsed=\"false\" Name=\"Light Grid Accent 2\"><\/w:LsdException>\n<w:LsdException Locked=\"false\" Priority=\"63\" SemiHidden=\"false\" UnhideWhenUsed=\"false\" Name=\"Medium Shading 1 Accent 2\"><\/w:LsdException>\n<w:LsdException Locked=\"false\" Priority=\"64\" SemiHidden=\"false\" UnhideWhenUsed=\"false\" Name=\"Medium Shading 2 Accent 2\"><\/w:LsdException>\n<w:LsdException Locked=\"false\" Priority=\"65\" SemiHidden=\"false\" UnhideWhenUsed=\"false\" Name=\"Medium List 1 Accent 2\"><\/w:LsdException>\n<w:LsdException Locked=\"false\" Priority=\"66\" SemiHidden=\"false\" UnhideWhenUsed=\"false\" Name=\"Medium List 2 Accent 2\"><\/w:LsdException>\n<w:LsdException Locked=\"false\" Priority=\"67\" SemiHidden=\"false\" UnhideWhenUsed=\"false\" Name=\"Medium Grid 1 Accent 2\"><\/w:LsdException>\n<w:LsdException Locked=\"false\" Priority=\"68\" SemiHidden=\"false\" UnhideWhenUsed=\"false\" Name=\"Medium Grid 2 Accent 2\"><\/w:LsdException>\n<w:LsdException Locked=\"false\" Priority=\"69\" SemiHidden=\"false\" UnhideWhenUsed=\"false\" Name=\"Medium Grid 3 Accent 2\"><\/w:LsdException>\n<w:LsdException Locked=\"false\" Priority=\"70\" SemiHidden=\"false\" UnhideWhenUsed=\"false\" Name=\"Dark List Accent 2\"><\/w:LsdException>\n<w:LsdException Locked=\"false\" Priority=\"71\" SemiHidden=\"false\" UnhideWhenUsed=\"false\" Name=\"Colorful Shading Accent 2\"><\/w:LsdException>\n<w:LsdException Locked=\"false\" Priority=\"72\" SemiHidden=\"false\" UnhideWhenUsed=\"false\" Name=\"Colorful List Accent 2\"><\/w:LsdException>\n<w:LsdException Locked=\"false\" Priority=\"73\" SemiHidden=\"false\" UnhideWhenUsed=\"false\" Name=\"Colorful Grid Accent 2\"><\/w:LsdException>\n<w:LsdException Locked=\"false\" Priority=\"60\" SemiHidden=\"false\" UnhideWhenUsed=\"false\" Name=\"Light Shading Accent 3\"><\/w:LsdException>\n<w:LsdException Locked=\"false\" Priority=\"61\" SemiHidden=\"false\" UnhideWhenUsed=\"false\" Name=\"Light List Accent 3\"><\/w:LsdException>\n<w:LsdException Locked=\"false\" Priority=\"62\" SemiHidden=\"false\" UnhideWhenUsed=\"false\" Name=\"Light Grid Accent 3\"><\/w:LsdException>\n<w:LsdException Locked=\"false\" Priority=\"63\" SemiHidden=\"false\" UnhideWhenUsed=\"false\" Name=\"Medium Shading 1 Accent 3\"><\/w:LsdException>\n<w:LsdException Locked=\"false\" Priority=\"64\" SemiHidden=\"false\" UnhideWhenUsed=\"false\" Name=\"Medium Shading 2 Accent 3\"><\/w:LsdException>\n<w:LsdException Locked=\"false\" Priority=\"65\" SemiHidden=\"false\" UnhideWhenUsed=\"false\" Name=\"Medium List 1 Accent 3\"><\/w:LsdException>\n<w:LsdException Locked=\"false\" Priority=\"66\" SemiHidden=\"false\" UnhideWhenUsed=\"false\" Name=\"Medium List 2 Accent 3\"><\/w:LsdException>\n<w:LsdException Locked=\"false\" Priority=\"67\" SemiHidden=\"false\" UnhideWhenUsed=\"false\" Name=\"Medium Grid 1 Accent 3\"><\/w:LsdException>\n<w:LsdException Locked=\"false\" Priority=\"68\" SemiHidden=\"false\" UnhideWhenUsed=\"false\" Name=\"Medium Grid 2 Accent 3\"><\/w:LsdException>\n<w:LsdException Locked=\"false\" Priority=\"69\" SemiHidden=\"false\" UnhideWhenUsed=\"false\" Name=\"Medium Grid 3 Accent 3\"><\/w:LsdException>\n<w:LsdException Locked=\"false\" Priority=\"70\" SemiHidden=\"false\" UnhideWhenUsed=\"false\" Name=\"Dark List Accent 3\"><\/w:LsdException>\n<w:LsdException Locked=\"false\" Priority=\"71\" SemiHidden=\"false\" UnhideWhenUsed=\"false\" Name=\"Colorful Shading Accent 3\"><\/w:LsdException>\n<w:LsdException Locked=\"false\" Priority=\"72\" SemiHidden=\"false\" UnhideWhenUsed=\"false\" Name=\"Colorful List Accent 3\"><\/w:LsdException>\n<w:LsdException Locked=\"false\" Priority=\"73\" SemiHidden=\"false\" UnhideWhenUsed=\"false\" Name=\"Colorful Grid Accent 3\"><\/w:LsdException>\n<w:LsdException Locked=\"false\" Priority=\"60\" SemiHidden=\"false\" UnhideWhenUsed=\"false\" Name=\"Light Shading Accent 4\"><\/w:LsdException>\n<w:LsdException Locked=\"false\" Priority=\"61\" SemiHidden=\"false\" UnhideWhenUsed=\"false\" Name=\"Light List Accent 4\"><\/w:LsdException>\n<w:LsdException Locked=\"false\" Priority=\"62\" SemiHidden=\"false\" UnhideWhenUsed=\"false\" Name=\"Light Grid Accent 4\"><\/w:LsdException>\n<w:LsdException Locked=\"false\" Priority=\"63\" SemiHidden=\"false\" UnhideWhenUsed=\"false\" Name=\"Medium Shading 1 Accent 4\"><\/w:LsdException>\n<w:LsdException Locked=\"false\" Priority=\"64\" SemiHidden=\"false\" UnhideWhenUsed=\"false\" Name=\"Medium Shading 2 Accent 4\"><\/w:LsdException>\n<w:LsdException Locked=\"false\" Priority=\"65\" SemiHidden=\"false\" UnhideWhenUsed=\"false\" Name=\"Medium List 1 Accent 4\"><\/w:LsdException>\n<w:LsdException Locked=\"false\" Priority=\"66\" SemiHidden=\"false\" UnhideWhenUsed=\"false\" Name=\"Medium List 2 Accent 4\"><\/w:LsdException>\n<w:LsdException Locked=\"false\" Priority=\"67\" SemiHidden=\"false\" UnhideWhenUsed=\"false\" Name=\"Medium Grid 1 Accent 4\"><\/w:LsdException>\n<w:LsdException Locked=\"false\" Priority=\"68\" SemiHidden=\"false\" UnhideWhenUsed=\"false\" Name=\"Medium Grid 2 Accent 4\"><\/w:LsdException>\n<w:LsdException Locked=\"false\" Priority=\"69\" SemiHidden=\"false\" UnhideWhenUsed=\"false\" Name=\"Medium Grid 3 Accent 4\"><\/w:LsdException>\n<w:LsdException Locked=\"false\" Priority=\"70\" SemiHidden=\"false\" UnhideWhenUsed=\"false\" Name=\"Dark List Accent 4\"><\/w:LsdException>\n<w:LsdException Locked=\"false\" Priority=\"71\" SemiHidden=\"false\" UnhideWhenUsed=\"false\" Name=\"Colorful Shading Accent 4\"><\/w:LsdException>\n<w:LsdException Locked=\"false\" Priority=\"72\" SemiHidden=\"false\" UnhideWhenUsed=\"false\" Name=\"Colorful List Accent 4\"><\/w:LsdException>\n<w:LsdException Locked=\"false\" Priority=\"73\" SemiHidden=\"false\" UnhideWhenUsed=\"false\" Name=\"Colorful Grid Accent 4\"><\/w:LsdException>\n<w:LsdException Locked=\"false\" Priority=\"60\" SemiHidden=\"false\" UnhideWhenUsed=\"false\" Name=\"Light Shading Accent 5\"><\/w:LsdException>\n<w:LsdException Locked=\"false\" Priority=\"61\" SemiHidden=\"false\" UnhideWhenUsed=\"false\" Name=\"Light List Accent 5\"><\/w:LsdException>\n<w:LsdException Locked=\"false\" Priority=\"62\" SemiHidden=\"false\" UnhideWhenUsed=\"false\" Name=\"Light Grid Accent 5\"><\/w:LsdException>\n<w:LsdException Locked=\"false\" Priority=\"63\" SemiHidden=\"false\" UnhideWhenUsed=\"false\" Name=\"Medium Shading 1 Accent 5\"><\/w:LsdException>\n<w:LsdException Locked=\"false\" Priority=\"64\" SemiHidden=\"false\" UnhideWhenUsed=\"false\" Name=\"Medium Shading 2 Accent 5\"><\/w:LsdException>\n<w:LsdException Locked=\"false\" Priority=\"65\" SemiHidden=\"false\" UnhideWhenUsed=\"false\" Name=\"Medium List 1 Accent 5\"><\/w:LsdException>\n<w:LsdException Locked=\"false\" Priority=\"66\" SemiHidden=\"false\" UnhideWhenUsed=\"false\" Name=\"Medium List 2 Accent 5\"><\/w:LsdException>\n<w:LsdException Locked=\"false\" Priority=\"67\" SemiHidden=\"false\" UnhideWhenUsed=\"false\" Name=\"Medium Grid 1 Accent 5\"><\/w:LsdException>\n<w:LsdException Locked=\"false\" Priority=\"68\" SemiHidden=\"false\" UnhideWhenUsed=\"false\" Name=\"Medium Grid 2 Accent 5\"><\/w:LsdException>\n<w:LsdException Locked=\"false\" Priority=\"69\" SemiHidden=\"false\" UnhideWhenUsed=\"false\" Name=\"Medium Grid 3 Accent 5\"><\/w:LsdException>\n<w:LsdException Locked=\"false\" Priority=\"70\" SemiHidden=\"false\" UnhideWhenUsed=\"false\" Name=\"Dark List Accent 5\"><\/w:LsdException>\n<w:LsdException Locked=\"false\" Priority=\"71\" SemiHidden=\"false\" UnhideWhenUsed=\"false\" Name=\"Colorful Shading Accent 5\"><\/w:LsdException>\n<w:LsdException Locked=\"false\" Priority=\"72\" SemiHidden=\"false\" UnhideWhenUsed=\"false\" Name=\"Colorful List Accent 5\"><\/w:LsdException>\n<w:LsdException Locked=\"false\" Priority=\"73\" SemiHidden=\"false\" UnhideWhenUsed=\"false\" Name=\"Colorful Grid Accent 5\"><\/w:LsdException>\n<w:LsdException Locked=\"false\" Priority=\"60\" SemiHidden=\"false\" UnhideWhenUsed=\"false\" Name=\"Light Shading Accent 6\"><\/w:LsdException>\n<w:LsdException Locked=\"false\" Priority=\"61\" SemiHidden=\"false\" UnhideWhenUsed=\"false\" Name=\"Light List Accent 6\"><\/w:LsdException>\n<w:LsdException Locked=\"false\" Priority=\"62\" SemiHidden=\"false\" UnhideWhenUsed=\"false\" Name=\"Light Grid Accent 6\"><\/w:LsdException>\n<w:LsdException Locked=\"false\" Priority=\"63\" SemiHidden=\"false\" UnhideWhenUsed=\"false\" Name=\"Medium Shading 1 Accent 6\"><\/w:LsdException>\n<w:LsdException Locked=\"false\" Priority=\"64\" SemiHidden=\"false\" UnhideWhenUsed=\"false\" Name=\"Medium Shading 2 Accent 6\"><\/w:LsdException>\n<w:LsdException Locked=\"false\" Priority=\"65\" SemiHidden=\"false\" UnhideWhenUsed=\"false\" Name=\"Medium List 1 Accent 6\"><\/w:LsdException>\n<w:LsdException Locked=\"false\" Priority=\"66\" SemiHidden=\"false\" UnhideWhenUsed=\"false\" Name=\"Medium List 2 Accent 6\"><\/w:LsdException>\n<w:LsdException Locked=\"false\" Priority=\"67\" SemiHidden=\"false\" UnhideWhenUsed=\"false\" Name=\"Medium Grid 1 Accent 6\"><\/w:LsdException>\n<w:LsdException Locked=\"false\" Priority=\"68\" SemiHidden=\"false\" UnhideWhenUsed=\"false\" Name=\"Medium Grid 2 Accent 6\"><\/w:LsdException>\n<w:LsdException Locked=\"false\" Priority=\"69\" SemiHidden=\"false\" UnhideWhenUsed=\"false\" Name=\"Medium Grid 3 Accent 6\"><\/w:LsdException>\n<w:LsdException Locked=\"false\" Priority=\"70\" SemiHidden=\"false\" UnhideWhenUsed=\"false\" Name=\"Dark List Accent 6\"><\/w:LsdException>\n<w:LsdException Locked=\"false\" Priority=\"71\" SemiHidden=\"false\" UnhideWhenUsed=\"false\" Name=\"Colorful Shading Accent 6\"><\/w:LsdException>\n<w:LsdException Locked=\"false\" Priority=\"72\" SemiHidden=\"false\" UnhideWhenUsed=\"false\" Name=\"Colorful List Accent 6\"><\/w:LsdException>\n<w:LsdException Locked=\"false\" Priority=\"73\" SemiHidden=\"false\" UnhideWhenUsed=\"false\" Name=\"Colorful Grid Accent 6\"><\/w:LsdException>\n<w:LsdException Locked=\"false\" Priority=\"19\" SemiHidden=\"false\" UnhideWhenUsed=\"false\" QFormat=\"true\" Name=\"Subtle Emphasis\"><\/w:LsdException>\n<w:LsdException Locked=\"false\" Priority=\"21\" SemiHidden=\"false\" UnhideWhenUsed=\"false\" QFormat=\"true\" Name=\"Intense Emphasis\"><\/w:LsdException>\n<w:LsdException Locked=\"false\" Priority=\"31\" SemiHidden=\"false\" UnhideWhenUsed=\"false\" QFormat=\"true\" Name=\"Subtle Reference\"><\/w:LsdException>\n<w:LsdException Locked=\"false\" Priority=\"32\" SemiHidden=\"false\" UnhideWhenUsed=\"false\" QFormat=\"true\" Name=\"Intense Reference\"><\/w:LsdException>\n<w:LsdException Locked=\"false\" Priority=\"33\" SemiHidden=\"false\" UnhideWhenUsed=\"false\" QFormat=\"true\" Name=\"Book Title\"><\/w:LsdException>\n<w:LsdException Locked=\"false\" Priority=\"37\" Name=\"Bibliography\"><\/w:LsdException>\n<w:LsdException Locked=\"false\" Priority=\"39\" QFormat=\"true\" Name=\"TOC Heading\"><\/w:LsdException>\n<\/w:LatentStyles>\n<\/xml><![endif]--><!-- [if gte mso 10]>\n\n\n\n<style>\n \/* Style Definitions *\/<br \/>table.MsoNormalTable<br \/>{mso-style-name:\"\u012eprastoji lentel\u0117\";<br \/>mso-tstyle-rowband-size:0;<br \/>mso-tstyle-colband-size:0;<br \/>mso-style-noshow:yes;<br \/>mso-style-priority:99;<br \/>mso-style-parent:\"\";<br \/>mso-padding-alt:0cm 5.4pt 0cm 5.4pt;<br \/>mso-para-margin:0cm;<br \/>mso-para-margin-bottom:.0001pt;<br \/>mso-pagination:widow-orphan;<br \/>font-size:12.0pt;<br \/>mso-bidi-font-size:11.0pt;<br \/>font-family:\"Times New Roman\",\"serif\";<br \/>mso-bidi-font-family:\"Times New Roman\";<br \/>mso-bidi-theme-font:minor-bidi;<br \/>mso-fareast-language:EN-US;}<br \/><\/style>\n\n<![endif]--><\/p>\n<div align=\"center\">\n<table style=\"width: 579px;\">\n<tbody>\n<tr>\n<td style=\"width: 229px;\">\n<h2>Rudens<\/h2>\n<\/td>\n<td style=\"width: 334px;\">\n<h2>2025-11-03\u20132025-11-09<\/h2>\n<\/td>\n<\/tr>\n<tr>\n<td style=\"width: 229px;\">\n<h2>\u017diemos (Kal\u0117d\u0173)<\/h2>\n<\/td>\n<td style=\"width: 334px;\">\n<h2>2025-12-24\u20132026-01-04<\/h2>\n<\/td>\n<\/tr>\n<tr>\n<td style=\"width: 229px;\">\n<h2>\u017diemos<\/h2>\n<\/td>\n<td style=\"width: 334px;\">\n<h2>2026-02-16\u20132026-02-22<\/h2>\n<\/td>\n<\/tr>\n<tr>\n<td style=\"width: 229px;\">\n<h2>Pavasario(Velyk\u0173)<\/h2>\n<\/td>\n<td style=\"width: 334px;\">\n<h2>2026-03-30\u20132026-04-05<\/h2>\n<\/td>\n<\/tr>\n<tr>\n<td style=\"width: 229px;\">\n<h2>Vasaros<\/h2>\n<\/td>\n<td style=\"width: 334px;\">\n<h2>2026-06-06\u20132026-08-31<\/h2>\n<\/td>\n<\/tr>\n<\/tbody>\n<\/table>\n<\/div>\n","protected":false},"excerpt":{"rendered":"<p>Baisogalos mokyklos-dar\u017eelio pamok\u0173&nbsp; tvarkara\u0161tis&nbsp; Strateginis planas 2025-2027 m. 2025-2026 m. m. ugdymo planas Nuotolinio ugdymo organizavimo tvarka Sveikatos ugdymo programa Ikimokyklinio ugdymo programa Prie\u0161mokyklinio ugdymo tvarkos apra\u0161as Mokyklos-dar\u017eelio nuostatai Mokiniams skiriamos atostogos&nbsp; Rudens 2025-11-03\u20132025-11-09 \u017diemos (Kal\u0117d\u0173) 2025-12-24\u20132026-01-04 \u017diemos 2026-02-16\u20132026-02-22 Pavasario(Velyk\u0173) 2026-03-30\u20132026-04-05 Vasaros 2026-06-06\u20132026-08-31<\/p>\n","protected":false},"author":1,"featured_media":0,"parent":94,"menu_order":0,"comment_status":"closed","ping_status":"closed","template":"","meta":{"ngg_post_thumbnail":0,"footnotes":""},"class_list":["post-103","page","type-page","status-publish","hentry"],"_links":{"self":[{"href":"https:\/\/www.baisogalosmd.radviliskis.lm.lt\/index.php?rest_route=\/wp\/v2\/pages\/103","targetHints":{"allow":["GET"]}}],"collection":[{"href":"https:\/\/www.baisogalosmd.radviliskis.lm.lt\/index.php?rest_route=\/wp\/v2\/pages"}],"about":[{"href":"https:\/\/www.baisogalosmd.radviliskis.lm.lt\/index.php?rest_route=\/wp\/v2\/types\/page"}],"author":[{"embeddable":true,"href":"https:\/\/www.baisogalosmd.radviliskis.lm.lt\/index.php?rest_route=\/wp\/v2\/users\/1"}],"replies":[{"embeddable":true,"href":"https:\/\/www.baisogalosmd.radviliskis.lm.lt\/index.php?rest_route=%2Fwp%2Fv2%2Fcomments&post=103"}],"version-history":[{"count":179,"href":"https:\/\/www.baisogalosmd.radviliskis.lm.lt\/index.php?rest_route=\/wp\/v2\/pages\/103\/revisions"}],"predecessor-version":[{"id":13894,"href":"https:\/\/www.baisogalosmd.radviliskis.lm.lt\/index.php?rest_route=\/wp\/v2\/pages\/103\/revisions\/13894"}],"up":[{"embeddable":true,"href":"https:\/\/www.baisogalosmd.radviliskis.lm.lt\/index.php?rest_route=\/wp\/v2\/pages\/94"}],"wp:attachment":[{"href":"https:\/\/www.baisogalosmd.radviliskis.lm.lt\/index.php?rest_route=%2Fwp%2Fv2%2Fmedia&parent=103"}],"curies":[{"name":"wp","href":"https:\/\/api.w.org\/{rel}","templated":true}]}}