{"id":10496,"date":"2022-11-09T10:41:03","date_gmt":"2022-11-09T08:41:03","guid":{"rendered":"https:\/\/www.baisogalosmd.radviliskis.lm.lt\/?page_id=10496"},"modified":"2023-11-26T10:38:36","modified_gmt":"2023-11-26T08:38:36","slug":"uta","status":"publish","type":"page","link":"https:\/\/www.baisogalosmd.radviliskis.lm.lt\/?page_id=10496","title":{"rendered":"Ugdymo turinio atnaujinimas"},"content":{"rendered":"<h1><a href=\"https:\/\/www.baisogalosmd.radviliskis.lm.lt\/wp-content\/uploads\/2022\/11\/UTA-darbo-grupe.pdf\" target=\"_blank\" rel=\"noopener\">UGDYMO TURINIO ATNAUJINIMO DARBO GRUP\u0116 BAISOGALOS MOKYKLOJE-DAR\u017dELYJE<\/a><\/h1>\n<h1><a href=\"https:\/\/www.baisogalosmd.radviliskis.lm.lt\/wp-content\/uploads\/2022\/11\/Atnaujintu-bendruju-programu-diegimas_-svietimo-pagalbos-itaigu-vaidmuo.pdf\">ATNAUJINT\u0172 BENDR\u0172J\u0172 PROGRAM\u0172 DIEGIMAS<\/a><\/h1>\n<h1><a href=\"https:\/\/www.baisogalosmd.radviliskis.lm.lt\/wp-content\/uploads\/2022\/11\/UTA-IGYVENDINIMO-IR-KOORDINAVIMO-KOMANDA.-1.pdf\" target=\"_blank\" rel=\"noopener\">UGDYMO TURINIO \u012eGYVENDINIMO IR KOORDINAVIMO KOMANDA<\/a><\/h1>\n<h1><a href=\"https:\/\/www.baisogalosmd.radviliskis.lm.lt\/wp-content\/uploads\/2022\/11\/Tevams-apie-UTA.pptx\" target=\"_blank\" rel=\"noopener\">T\u0116VAMS APIE UGDYMO TURINIO ATNAUJINIM\u0104<\/a><\/h1>\n<h1><a href=\"https:\/\/www.baisogalosmd.radviliskis.lm.lt\/wp-content\/uploads\/2023\/04\/Baisogaloa-m-d-UTA-planas-2022-2023-pdf.pdf\" target=\"_blank\" rel=\"noopener\">UGDYMO TURINIO ATNAUJINIMO PLANAS 2022-2023 m.<\/a><\/h1>\n<h1>&nbsp;<\/h1>\n","protected":false},"excerpt":{"rendered":"<p>UGDYMO TURINIO ATNAUJINIMO DARBO GRUP\u0116 BAISOGALOS MOKYKLOJE-DAR\u017dELYJE ATNAUJINT\u0172 BENDR\u0172J\u0172 PROGRAM\u0172 DIEGIMAS UGDYMO TURINIO \u012eGYVENDINIMO IR KOORDINAVIMO KOMANDA T\u0116VAMS APIE UGDYMO TURINIO ATNAUJINIM\u0104 UGDYMO TURINIO ATNAUJINIMO PLANAS 2022-2023 m. &nbsp;<\/p>\n","protected":false},"author":1,"featured_media":0,"parent":0,"menu_order":0,"comment_status":"closed","ping_status":"closed","template":"","meta":{"ngg_post_thumbnail":0,"footnotes":""},"class_list":["post-10496","page","type-page","status-publish","hentry"],"_links":{"self":[{"href":"https:\/\/www.baisogalosmd.radviliskis.lm.lt\/index.php?rest_route=\/wp\/v2\/pages\/10496","targetHints":{"allow":["GET"]}}],"collection":[{"href":"https:\/\/www.baisogalosmd.radviliskis.lm.lt\/index.php?rest_route=\/wp\/v2\/pages"}],"about":[{"href":"https:\/\/www.baisogalosmd.radviliskis.lm.lt\/index.php?rest_route=\/wp\/v2\/types\/page"}],"author":[{"embeddable":true,"href":"https:\/\/www.baisogalosmd.radviliskis.lm.lt\/index.php?rest_route=\/wp\/v2\/users\/1"}],"replies":[{"embeddable":true,"href":"https:\/\/www.baisogalosmd.radviliskis.lm.lt\/index.php?rest_route=%2Fwp%2Fv2%2Fcomments&post=10496"}],"version-history":[{"count":10,"href":"https:\/\/www.baisogalosmd.radviliskis.lm.lt\/index.php?rest_route=\/wp\/v2\/pages\/10496\/revisions"}],"predecessor-version":[{"id":11521,"href":"https:\/\/www.baisogalosmd.radviliskis.lm.lt\/index.php?rest_route=\/wp\/v2\/pages\/10496\/revisions\/11521"}],"wp:attachment":[{"href":"https:\/\/www.baisogalosmd.radviliskis.lm.lt\/index.php?rest_route=%2Fwp%2Fv2%2Fmedia&parent=10496"}],"curies":[{"name":"wp","href":"https:\/\/api.w.org\/{rel}","templated":true}]}}