{"id":113,"date":"2014-01-21T21:01:29","date_gmt":"2014-01-21T19:01:29","guid":{"rendered":"http:\/\/www2169.vu.lt\/?page_id=113"},"modified":"2026-03-23T20:48:03","modified_gmt":"2026-03-23T18:48:03","slug":"pasiekimai","status":"publish","type":"page","link":"https:\/\/www.baisogalosmd.radviliskis.lm.lt\/?page_id=113","title":{"rendered":"Pasiekimai"},"content":{"rendered":"<h1><a href=\"https:\/\/www.baisogalosmd.radviliskis.lm.lt\/wp-content\/uploads\/2026\/03\/PASIEKIMAI-25.docx\" target=\"_blank\" rel=\"noopener\">Baisogalos mokykla-dar\u017eelis 2025 m. ugdytini\u0173 pasiekimai<\/a><\/h1>\n<h1><a href=\"https:\/\/www.baisogalosmd.radviliskis.lm.lt\/wp-content\/uploads\/2025\/04\/UGDYTINIU-PASIEKIMAI-2024.docx\" target=\"_blank\" rel=\"noopener\">Baisogalos mokykla-dar\u017eelis 2024 m. ugdytini\u0173 pasiekimai<\/a><\/h1>\n<h1><a href=\"https:\/\/www.baisogalosmd.radviliskis.lm.lt\/wp-content\/uploads\/2024\/03\/PASIEKIMAI2023.pdf\" target=\"_blank\" rel=\"noopener\">Baisogalos mokykla-dar\u017eelis 2023 m. ugdytini\u0173 pasiekimai<\/a><\/h1>\n<h1><a href=\"https:\/\/www.baisogalosmd.radviliskis.lm.lt\/wp-content\/uploads\/2023\/10\/UGDYTINIU-PASIEKIMAI.pdf\" target=\"_blank\" rel=\"noopener\">Baisogalos mokykla-dar\u017eelis 2022 m. ugdytini\u0173 pasiekimai<\/a><\/h1>\n<h1><a href=\"https:\/\/www.baisogalosmd.radviliskis.lm.lt\/wp-content\/uploads\/2022\/01\/2021-ugdytiniu-pasiekimai.pdf\" target=\"_blank\" rel=\"noopener\">Baisogalos mokykla-dar\u017eelis 2021 m. ugdytini\u0173 pasiekimai<\/a><\/h1>\n<h1><a href=\"https:\/\/www.baisogalosmd.radviliskis.lm.lt\/wp-content\/uploads\/2021\/03\/2020-ugdytini\u0173-pasiekimai.docx\" target=\"_blank\" rel=\"noopener noreferrer\">Baisogalos mokykla-dar\u017eelis 2020 m. ugdytini\u0173 pasiekimai<\/a><\/h1>\n<h1><a href=\"https:\/\/www.baisogalosmd.radviliskis.lm.lt\/\/wp-content\/uploads\/2020\/10\/2019-mokini\u0173-pasiekimai.pdf\" target=\"_blank\" rel=\"noopener noreferrer\">Baisogalos mokykla-dar\u017eelis 2019 m. ugdytini\u0173 pasiekimai<\/a><\/h1>\n<h1><a href=\"https:\/\/www.baisogalosmd.radviliskis.lm.lt\/\/wp-content\/uploads\/2019\/01\/PASIEKIMAI-2018.pdf\" target=\"_blank\" rel=\"noopener noreferrer\">Baisogalos mokykla-dar\u017eelis 2018 m. ugdytini\u0173 pasiekimai<\/a><\/h1>\n<h1><a href=\"https:\/\/www.baisogalosmd.radviliskis.lm.lt\/\/wp-content\/uploads\/2019\/02\/P.-skyriaus-pasiekimai-2018.pdf\" target=\"_blank\" rel=\"noopener noreferrer\">Pakir\u0161inio skyriaus 2018 m. ugdytini\u0173 pasiekimai<\/a><\/h1>\n<h1><a href=\"https:\/\/www.baisogalosmd.radviliskis.lm.lt\/\/wp-content\/uploads\/2018\/01\/PASIEKIMAI-2017-pilni.pdf\" target=\"_blank\" rel=\"noopener noreferrer\">Baisogalos mokykla-dar\u017eelis 2017 m. ugdytini\u0173 pasiekimai<\/a><\/h1>\n<h1><a href=\"https:\/\/www.baisogalosmd.radviliskis.lm.lt\/\/wp-content\/uploads\/2017\/01\/PAKIR\u0160INio-pasiekimai-2016.doc\" target=\"_blank\" rel=\"noopener noreferrer\">Pakir\u0161inio mokykla-dar\u017eelis 2017 m. ugdytini\u0173 pasiekimai<\/a><\/h1>\n<h1><a href=\"https:\/\/www.baisogalosmd.radviliskis.lm.lt\/\/wp-content\/uploads\/2017\/01\/PASIEKIMAI-2016.doc\" target=\"_blank\" rel=\"noopener noreferrer\">Baisogalos mokykla-dar\u017eelis 2016 m. ugdytini\u0173 pasiekimai<\/a><\/h1>\n<h1><a href=\"https:\/\/www.baisogalosmd.radviliskis.lm.lt\/\/wp-content\/uploads\/2016\/02\/PASIEKIMAI-2015.doc\" target=\"_blank\" rel=\"noopener noreferrer\">Baisogalos mokykla-dar\u017eelis 2015 m. ugdytini\u0173 pasiekimai<\/a><\/h1>\n<h1><a href=\"https:\/\/www.baisogalosmd.radviliskis.lm.lt\/\/wp-content\/uploads\/2015\/02\/UGDYTINI\u0172-PASIEKIMAI-2014.doc\" target=\"_blank\" rel=\"noopener noreferrer\">Baisogalos mokykla-dar\u017eelis 2014 m. ugdytini\u0173 pasiekimai<\/a><\/h1>\n<h1><a href=\"https:\/\/www.baisogalosmd.radviliskis.lm.lt\/\/wp-content\/uploads\/2014\/06\/2013.docx\" target=\"_blank\" rel=\"noopener noreferrer\">Baisogalos mokykla-dar\u017eelis 2013 m. ugdytini\u0173 pasiekimai<\/a><\/h1>\n<h1>&nbsp;<\/h1>\n","protected":false},"excerpt":{"rendered":"<p>Baisogalos mokykla-dar\u017eelis 2025 m. ugdytini\u0173 pasiekimai Baisogalos mokykla-dar\u017eelis 2024 m. ugdytini\u0173 pasiekimai Baisogalos mokykla-dar\u017eelis 2023 m. ugdytini\u0173 pasiekimai Baisogalos mokykla-dar\u017eelis 2022 m. ugdytini\u0173 pasiekimai Baisogalos mokykla-dar\u017eelis 2021 m. ugdytini\u0173 pasiekimai Baisogalos mokykla-dar\u017eelis 2020 m. ugdytini\u0173 pasiekimai Baisogalos mokykla-dar\u017eelis 2019 m. ugdytini\u0173 pasiekimai Baisogalos mokykla-dar\u017eelis 2018 m. ugdytini\u0173 pasiekimai Pakir\u0161inio skyriaus 2018 m. ugdytini\u0173 pasiekimai Baisogalos [&hellip;]<\/p>\n","protected":false},"author":1,"featured_media":0,"parent":94,"menu_order":0,"comment_status":"closed","ping_status":"closed","template":"","meta":{"ngg_post_thumbnail":0,"footnotes":""},"class_list":["post-113","page","type-page","status-publish","hentry"],"_links":{"self":[{"href":"https:\/\/www.baisogalosmd.radviliskis.lm.lt\/index.php?rest_route=\/wp\/v2\/pages\/113","targetHints":{"allow":["GET"]}}],"collection":[{"href":"https:\/\/www.baisogalosmd.radviliskis.lm.lt\/index.php?rest_route=\/wp\/v2\/pages"}],"about":[{"href":"https:\/\/www.baisogalosmd.radviliskis.lm.lt\/index.php?rest_route=\/wp\/v2\/types\/page"}],"author":[{"embeddable":true,"href":"https:\/\/www.baisogalosmd.radviliskis.lm.lt\/index.php?rest_route=\/wp\/v2\/users\/1"}],"replies":[{"embeddable":true,"href":"https:\/\/www.baisogalosmd.radviliskis.lm.lt\/index.php?rest_route=%2Fwp%2Fv2%2Fcomments&post=113"}],"version-history":[{"count":58,"href":"https:\/\/www.baisogalosmd.radviliskis.lm.lt\/index.php?rest_route=\/wp\/v2\/pages\/113\/revisions"}],"predecessor-version":[{"id":13893,"href":"https:\/\/www.baisogalosmd.radviliskis.lm.lt\/index.php?rest_route=\/wp\/v2\/pages\/113\/revisions\/13893"}],"up":[{"embeddable":true,"href":"https:\/\/www.baisogalosmd.radviliskis.lm.lt\/index.php?rest_route=\/wp\/v2\/pages\/94"}],"wp:attachment":[{"href":"https:\/\/www.baisogalosmd.radviliskis.lm.lt\/index.php?rest_route=%2Fwp%2Fv2%2Fmedia&parent=113"}],"curies":[{"name":"wp","href":"https:\/\/api.w.org\/{rel}","templated":true}]}}