{"id":115,"date":"2014-01-21T21:02:22","date_gmt":"2014-01-21T19:02:22","guid":{"rendered":"http:\/\/www2169.vu.lt\/?page_id=115"},"modified":"2026-03-25T09:41:07","modified_gmt":"2026-03-25T07:41:07","slug":"mokyklos-dokumentai","status":"publish","type":"page","link":"https:\/\/www.baisogalosmd.radviliskis.lm.lt\/?page_id=115","title":{"rendered":"Mokyklos dokumentai"},"content":{"rendered":"<h1><a href=\"https:\/\/www.baisogalosmd.radviliskis.lm.lt\/wp-content\/uploads\/2026\/03\/Mokiniu-priemimo-tvarka.pdf\" target=\"_blank\" rel=\"noopener\"><span style=\"color: #333300;\"><strong><span style=\"color: #993300;\">Radvili\u0161kio r. Baisogalos mokyklos-dar\u017eelio mokini\u0173 pri\u0117mimo \u012f mokykl\u0105-dar\u017eel\u012f tvarkos apra\u0161as<\/span><\/strong><\/span><\/a><\/h1>\n<h1><a href=\"https:\/\/www.baisogalosmd.radviliskis.lm.lt\/wp-content\/uploads\/2026\/03\/MOKINIU-VERTINIMO-APRASAS.pdf\" target=\"_blank\" rel=\"noopener\"><span style=\"color: #993300;\"><strong>Radvili\u0161kio r. Baisogalos mokyklos-dar\u017eelio mokini\u0173 mokymosi pasiekim\u0173 vertinimo ir vertinimo rezultat\u0173 panaudojimo tvarkos apra\u0161as<\/strong><\/span><\/a><\/h1>\n<h1><span style=\"color: #333300;\"><strong><a style=\"color: #333300;\" href=\"https:\/\/www.baisogalosmd.radviliskis.lm.lt\/wp-content\/uploads\/2025\/05\/Baisogalos-mokyklos-darzelio-mokiniu-skatinimo-ir-drausminimo-tvarkos-aprasas.pdf\" target=\"_blank\" rel=\"noopener\"><span style=\"color: #993300;\">Radvili\u0161kio r. Baisogalos mokyklos-dar\u017eelio mokini\u0173 skatinimo ir drausminimo tvarkos apra\u0161as<\/span><\/a><\/strong><\/span><\/h1>\n<h1><span style=\"color: #993300;\"><strong><a style=\"color: #993300;\" href=\"https:\/\/www.baisogalosmd.radviliskis.lm.lt\/wp-content\/uploads\/2025\/09\/MOKINIU-ASMENINIU-MOBILIUJU-TELEFONU-IR-KITU-INFORMACINIU-TECHNOLOGIJU-IREN.pdf\" target=\"_blank\" rel=\"noopener\">Mokini\u0173 asmenini\u0173 mobili\u0173j\u0173 telefon\u0173 ir kit\u0173 informacini\u0173 technologij\u0173 \u012frengini\u0173 Radvili\u0161kio r. Baisogalos mokykloje-dar\u017eelyje naudojimo tvarka<\/a><\/strong><\/span><\/h1>\n<h1><span style=\"color: #993300;\"><strong><a style=\"color: #993300;\" href=\"https:\/\/www.baisogalosmd.radviliskis.lm.lt\/wp-content\/uploads\/2024\/01\/Elektroninio-dienyno_nuostatai-1.pdf\" target=\"_blank\" rel=\"noopener\">Elektro<\/a><a style=\"color: #993300;\" href=\"https:\/\/www.baisogalosmd.radviliskis.lm.lt\/wp-content\/uploads\/2024\/01\/Elektroninio-dienyno_nuostatai-1.pdf\" target=\"_blank\" rel=\"noopener\">ninio<\/a><a style=\"color: #993300;\" href=\"https:\/\/www.baisogalosmd.radviliskis.lm.lt\/wp-content\/uploads\/2024\/01\/Elektroninio-dienyno_nuostatai-1.pdf\" target=\"_blank\" rel=\"noopener\"> dienyno tvarkymo nuostatai<\/a><\/strong><\/span><\/h1>\n<h1><span style=\"color: #993300;\"><strong><a style=\"color: #993300;\" href=\"https:\/\/www.baisogalosmd.radviliskis.lm.lt\/wp-content\/uploads\/2023\/08\/ASM.-DUOMENU-APS.-TAISYKLES-geras.pdf\" target=\"_blank\" rel=\"noopener\">Asmens duomen\u0173 tvarkymo taisykl\u0117s<\/a><\/strong><\/span><\/h1>\n<h1><span style=\"color: #993300;\"><strong><a style=\"color: #993300;\" href=\"https:\/\/www.baisogalosmd.radviliskis.lm.lt\/wp-content\/uploads\/2023\/09\/NETIESIOGINIO-DARBO-SU-VAIKAIS-VALANDU-APRASAS-1.pdf\" target=\"_blank\" rel=\"noopener\">Netiesioginio darbo su vaikais valand\u0173 apra\u0161as<\/a><\/strong><\/span><\/h1>\n<h1><span style=\"color: #993300;\"><strong><a style=\"color: #993300;\" href=\"https:\/\/www.baisogalosmd.radviliskis.lm.lt\/wp-content\/uploads\/2021\/06\/PAMOK\u0172-UGDYMO-DIEN\u0172-LANKOMUMO-APSKAITOS-KONTROL\u0116S-IR-NELANKYMO-PREVENCIJOS-TVARKA.docx\" target=\"_blank\" rel=\"noopener noreferrer\">Lankomumo tvarkos apra\u0161as<\/a><\/strong><\/span><\/h1>\n<h1><span style=\"color: #993300;\"><strong><a style=\"color: #993300;\" href=\"https:\/\/www.baisogalosmd.radviliskis.lm.lt\/wp-content\/uploads\/2021\/05\/Mokyklos-bendruomen\u0117s-etikos-kodeksas-2019.pdf\" target=\"_blank\" rel=\"noopener\">Mokyklos bendruomen\u0117s etikos kodeksas<\/a><\/strong><\/span><\/h1>\n<h1><span style=\"color: #993300;\"><strong><a style=\"color: #993300;\" href=\"https:\/\/www.baisogalosmd.radviliskis.lm.lt\/\/wp-content\/uploads\/2020\/11\/NUOTOLINIO-apra\u0161as-.pdf\" target=\"_blank\" rel=\"noopener noreferrer\">Nuotolinio ugdymo apra\u0161as<\/a><\/strong><\/span><\/h1>\n<h1><span style=\"color: #993300;\"><strong><a style=\"color: #993300;\" href=\"https:\/\/www.baisogalosmd.radviliskis.lm.lt\/wp-content\/uploads\/2025\/05\/VGK-TVARKOS-APRASAS.pdf\" target=\"_blank\" rel=\"noopener\">Vaiko gerov\u0117s komisijos sudarymo ir ir jos darbo organizavimo tvarkos apra\u0161as<\/a><\/strong><\/span><\/h1>\n<h1><span style=\"color: #993300;\"><strong><a style=\"color: #993300;\" href=\"https:\/\/www.baisogalosmd.radviliskis.lm.lt\/wp-content\/uploads\/2025\/04\/BAIS-SVIETIMO-PAGALBOS-SKYRIMO-TVARKOS-APRASAS.docx\" target=\"_blank\" rel=\"noopener\">Mokinio speciali\u0173j\u0173 ugdymosi poreiki\u0173 vertinimo, ugdymo pritaikymo ir (ar) reikalingos \u0161vietimo pagalbos skyrimo tvarkos apra\u0161as<\/a><\/strong><\/span><\/h1>\n<h1><span style=\"color: #993300;\"><strong><a style=\"color: #993300;\" href=\"https:\/\/www.baisogalosmd.radviliskis.lm.lt\/wp-content\/uploads\/2021\/06\/SMURTO-IR-PATY\u010cI\u0172-PREVENCIJOS-IR-INTERVENCIJOS-VYKDYMO-TVARKA.doc\" target=\"_blank\" rel=\"noopener noreferrer\">Smurto prevencijos tvarka<\/a><\/strong><\/span><\/h1>\n<h1><span style=\"color: #993300;\"><strong><a style=\"color: #993300;\" href=\"https:\/\/www.baisogalosmd.radviliskis.lm.lt\/wp-content\/uploads\/2025\/01\/DEL-PSICHOAKTYVIUJU-MEDZIAGU-VARTOJIMO-RADVILISKIO-RAJONO-MOKYKLOSE-SITUACIJU-VALDYMO-ALGORITMU-PATVIRTINIMO-1.docx\" target=\"_blank\" rel=\"noopener\">Psichoaktyvi\u0173j\u0173 med\u017eiag\u0173 vartojimo Radvili\u0161kio mokyklose situacij\u0173 valdymo algoritmai&nbsp;<\/a><\/strong><\/span><\/h1>\n<h1><span style=\"color: #993300;\"><strong><a style=\"color: #993300;\" href=\"https:\/\/www.baisogalosmd.radviliskis.lm.lt\/wp-content\/uploads\/2025\/09\/DARBUOTOJU-DARBO-APMOKEJIMO-SISTEMA.pdf\" target=\"_blank\" rel=\"noopener\">Darbo apmok\u0117jimo sistema<\/a><\/strong><\/span><\/h1>\n<h1><span style=\"color: #993300;\"><strong><a style=\"color: #993300;\" href=\"https:\/\/www.baisogalosmd.radviliskis.lm.lt\/\/wp-content\/uploads\/2014\/04\/BAISOGALOS-MOKYKLOS-TARYBOS-NUOSTATAI12.doc\" target=\"_blank\" rel=\"noopener noreferrer\">Mokyklos tarybos nuostatai<\/a><\/strong><\/span><\/h1>\n<h1><span style=\"color: #993300;\"><strong><a style=\"color: #993300;\" href=\"https:\/\/www.baisogalosmd.radviliskis.lm.lt\/wp-content\/uploads\/2025\/05\/metodines-veiklos-aprasas.pdf\" target=\"_blank\" rel=\"noopener\">Metodin\u0117s veiklos organizavimo tvarka<\/a><\/strong><\/span><\/h1>\n<h1><span style=\"color: #993300;\"><strong><a style=\"color: #993300;\" href=\"https:\/\/www.baisogalosmd.radviliskis.lm.lt\/wp-content\/uploads\/2025\/07\/mokymosi-priemoniu-aprasas.pdf\" target=\"_blank\" rel=\"noopener\">Baisogalos mokyklos-dar\u017eelio&nbsp; apr\u016bpinimo bendrojo ugdymo dalyk\u0173 spausdintais ir \u012fvairi\u0173 interaktyvumo lygi\u0173 virtualiaisiais vadov\u0117liais ir mokymo(si) priemon\u0117mis tvarkos apra\u0161as<\/a><\/strong><\/span><\/h1>\n<h1><span style=\"color: #993300;\"><strong><a style=\"color: #993300;\" href=\"https:\/\/www.baisogalosmd.radviliskis.lm.lt\/wp-content\/uploads\/2023\/02\/TURIZMO-RENGINIU-ORGANIZAVIMO-APRASAS-2023.pdf\" target=\"_blank\" rel=\"noopener\">Turizmo rengini\u0173&nbsp; organizavimo tvarka<\/a><\/strong><\/span><\/h1>\n<h1><a href=\"https:\/\/www.baisogalosmd.radviliskis.lm.lt\/wp-content\/uploads\/2026\/03\/VEIKLOS-2026-PLANAS.pdf\" target=\"_blank\" rel=\"noopener\"><span style=\"color: #993300;\"><strong>2026 m. veiklos planas<\/strong><\/span><\/a><\/h1>\n<h1><span style=\"color: #993300;\"><strong>ATASKAITOS:<\/strong><\/span><\/h1>\n<h1><span style=\"color: #993300;\"><strong><a style=\"color: #993300;\" href=\"https:\/\/www.baisogalosmd.radviliskis.lm.lt\/wp-content\/uploads\/2026\/03\/A.-Krugeliene-lukesciai-2026.pdf\" target=\"_blank\" rel=\"noopener\">Direktor\u0117s 2026 m. veiklos l\u016bkes\u010diai<\/a><\/strong><\/span><\/h1>\n<h1><span style=\"color: #993300;\"><strong><a style=\"color: #993300;\" href=\"https:\/\/www.baisogalosmd.radviliskis.lm.lt\/wp-content\/uploads\/2024\/03\/mero-potvarkis2024.pdf\" target=\"_blank\" rel=\"noopener\">Radvili\u0161kio rajono savivaldyb\u0117s mero potvarkis d\u0117l \u0161vietimo \u012fstaig\u0173 vadov\u0173 2023 met\u0173 veiklos ataskait\u0173 \u012fvertinimo<\/a><\/strong><\/span><\/h1>\n<h1><span style=\"color: #993300;\"><strong><a style=\"color: #993300;\" href=\"https:\/\/www.baisogalosmd.radviliskis.lm.lt\/wp-content\/uploads\/2026\/01\/Vadovo_ataskaitos-_2025.pdf\" target=\"_blank\" rel=\"noopener\">2025m. direktoriaus veiklos ataskaita<\/a><\/strong><\/span><\/h1>\n<h1><span style=\"color: #993300;\"><strong><a style=\"color: #993300;\" href=\"https:\/\/www.baisogalosmd.radviliskis.lm.lt\/wp-content\/uploads\/2025\/01\/Ataskaita-uz-2024.pdf\" target=\"_blank\" rel=\"noopener\">2024 m. direktoriaus veiklos ataskaita<\/a><\/strong><\/span><\/h1>\n<h1><span style=\"color: #993300;\"><strong><a style=\"color: #993300;\" href=\"https:\/\/www.baisogalosmd.radviliskis.lm.lt\/wp-content\/uploads\/2024\/03\/Baisogalos-m-d-dir-atask.pdf\" target=\"_blank\" rel=\"noopener\">2023 m. direktoriaus veiklos ataskaita<\/a><\/strong><\/span><\/h1>\n<h1><span style=\"color: #993300;\"><strong><a style=\"color: #993300;\" href=\"https:\/\/www.baisogalosmd.radviliskis.lm.lt\/wp-content\/uploads\/2023\/03\/Veiklos-atask_Krugelienes.pdf\" target=\"_blank\" rel=\"noopener\">2022 m. direktoriaus veiklos ataskaita<\/a><\/strong><\/span><\/h1>\n<h1><span style=\"color: #993300;\"><strong><a style=\"color: #993300;\" href=\"https:\/\/www.baisogalosmd.radviliskis.lm.lt\/wp-content\/uploads\/2022\/03\/AUSROS-KRUGELIENES-ataskaita-2021.pdf\" target=\"_blank\" rel=\"noopener\">2021 m. direktoriaus veiklos ataskaita<\/a><\/strong><\/span><\/h1>\n<p>&nbsp;<\/p>\n","protected":false},"excerpt":{"rendered":"<p>Radvili\u0161kio r. Baisogalos mokyklos-dar\u017eelio mokini\u0173 pri\u0117mimo \u012f mokykl\u0105-dar\u017eel\u012f tvarkos apra\u0161as Radvili\u0161kio r. Baisogalos mokyklos-dar\u017eelio mokini\u0173 mokymosi pasiekim\u0173 vertinimo ir vertinimo rezultat\u0173 panaudojimo tvarkos apra\u0161as Radvili\u0161kio r. Baisogalos mokyklos-dar\u017eelio mokini\u0173 skatinimo ir drausminimo tvarkos apra\u0161as Mokini\u0173 asmenini\u0173 mobili\u0173j\u0173 telefon\u0173 ir kit\u0173 informacini\u0173 technologij\u0173 \u012frengini\u0173 Radvili\u0161kio r. Baisogalos mokykloje-dar\u017eelyje naudojimo tvarka Elektroninio dienyno tvarkymo nuostatai Asmens duomen\u0173 [&hellip;]<\/p>\n","protected":false},"author":1,"featured_media":0,"parent":94,"menu_order":0,"comment_status":"closed","ping_status":"closed","template":"","meta":{"ngg_post_thumbnail":0,"footnotes":""},"class_list":["post-115","page","type-page","status-publish","hentry"],"_links":{"self":[{"href":"https:\/\/www.baisogalosmd.radviliskis.lm.lt\/index.php?rest_route=\/wp\/v2\/pages\/115","targetHints":{"allow":["GET"]}}],"collection":[{"href":"https:\/\/www.baisogalosmd.radviliskis.lm.lt\/index.php?rest_route=\/wp\/v2\/pages"}],"about":[{"href":"https:\/\/www.baisogalosmd.radviliskis.lm.lt\/index.php?rest_route=\/wp\/v2\/types\/page"}],"author":[{"embeddable":true,"href":"https:\/\/www.baisogalosmd.radviliskis.lm.lt\/index.php?rest_route=\/wp\/v2\/users\/1"}],"replies":[{"embeddable":true,"href":"https:\/\/www.baisogalosmd.radviliskis.lm.lt\/index.php?rest_route=%2Fwp%2Fv2%2Fcomments&post=115"}],"version-history":[{"count":151,"href":"https:\/\/www.baisogalosmd.radviliskis.lm.lt\/index.php?rest_route=\/wp\/v2\/pages\/115\/revisions"}],"predecessor-version":[{"id":13903,"href":"https:\/\/www.baisogalosmd.radviliskis.lm.lt\/index.php?rest_route=\/wp\/v2\/pages\/115\/revisions\/13903"}],"up":[{"embeddable":true,"href":"https:\/\/www.baisogalosmd.radviliskis.lm.lt\/index.php?rest_route=\/wp\/v2\/pages\/94"}],"wp:attachment":[{"href":"https:\/\/www.baisogalosmd.radviliskis.lm.lt\/index.php?rest_route=%2Fwp%2Fv2%2Fmedia&parent=115"}],"curies":[{"name":"wp","href":"https:\/\/api.w.org\/{rel}","templated":true}]}}