{"id":117,"date":"2014-01-21T21:03:07","date_gmt":"2014-01-21T19:03:07","guid":{"rendered":"http:\/\/www2169.vu.lt\/?page_id=117"},"modified":"2026-04-10T17:33:41","modified_gmt":"2026-04-10T14:33:41","slug":"darbo-uzmokestis","status":"publish","type":"page","link":"https:\/\/www.baisogalosmd.radviliskis.lm.lt\/?page_id=117","title":{"rendered":"Darbo u\u017emokestis"},"content":{"rendered":"<p>&nbsp;<\/p>\n<h2 style=\"text-align: center;\"><strong>Baisogalos mokyklos-dar\u017eelio darbuotoj\u0173 pareigybi\u0173 bruto vidutinis<\/strong><\/h2>\n<h2 style=\"text-align: center;\"><strong> darbo u\u017emokestis u\u017e 2026 m.&nbsp;<\/strong><\/h2>\n<table style=\"height: 335px; border-color: #000000; width: 94.0971%; border-style: none;\" width=\"94.0971%\">\n<tbody>\n<tr style=\"height: 24px;\">\n<td style=\"border-style: groove; border-color: #140101; width: 440px; height: 24px;\" width=\"285\"><strong>Pareigyb\u0117s<\/strong><\/td>\n<td style=\"border-style: groove; border-color: #140101; width: 126px; height: 24px; text-align: center;\" width=\"79\"><strong>Etatai<\/strong><\/td>\n<td style=\"border-style: groove; border-color: #140101; width: 185px; height: 24px; text-align: center;\" width=\"118\"><strong>I ketvirtis<\/strong><\/td>\n<td style=\"border-style: groove; border-color: #140101; width: 187px; height: 24px; text-align: center;\" width=\"119\"><strong>IIketvirtis<\/strong><\/td>\n<\/tr>\n<tr style=\"height: 23px;\">\n<td style=\"border-style: groove; border-color: #140101; width: 440px; height: 23px;\" width=\"285\"><strong>Vadovai<\/strong><\/td>\n<td style=\"border-style: groove; border-color: #140101; width: 126px; height: 23px; text-align: center;\" width=\"79\"><strong>3,5<\/strong><\/td>\n<td style=\"border-style: groove; border-color: #140101; width: 185px; height: 23px; text-align: center;\" width=\"118\"><strong>4785,80<\/strong><\/td>\n<td style=\"border-style: groove; border-color: #140101; width: 187px; height: 23px; text-align: center;\" width=\"119\"><strong>&nbsp;<\/strong><\/td>\n<\/tr>\n<tr style=\"height: 48px;\">\n<td style=\"border-style: groove; border-color: #140101; width: 440px; height: 48px;\" width=\"285\"><strong>Ikimokyklinio ir prie\u0161mokyklinio ugdymo mokytojai<\/strong><\/td>\n<td style=\"border-style: groove; border-color: #140101; width: 126px; height: 48px; text-align: center;\" width=\"79\"><strong>13<\/strong><\/td>\n<td style=\"border-style: groove; border-color: #140101; width: 185px; height: 48px; text-align: center;\" width=\"118\"><strong>2601,07<\/strong><\/td>\n<td style=\"border-style: groove; border-color: #140101; width: 187px; height: 48px; text-align: center;\" width=\"119\"><strong>&nbsp;<\/strong><\/td>\n<\/tr>\n<tr style=\"height: 72px;\">\n<td style=\"border-style: groove; border-color: #140101; width: 440px; height: 72px;\" width=\"285\"><strong>Specialistai: meninio ugd. mokytojai, logopedas, specialus pedagogas, socialinis pedagogas, plaukimo instruktorius, pailgintos d. gr. aukl\u0117tojos&nbsp;<\/strong><\/td>\n<td style=\"border-style: groove; border-color: #140101; width: 126px; height: 72px; text-align: center;\" width=\"79\"><strong>9,29<\/strong><\/td>\n<td style=\"border-style: groove; border-color: #140101; width: 185px; height: 72px; text-align: center;\" width=\"118\"><strong>2466,29<\/strong><\/td>\n<td style=\"border-style: groove; border-color: #140101; width: 187px; height: 72px; text-align: center;\" width=\"119\"><strong>&nbsp;<\/strong><\/td>\n<\/tr>\n<tr style=\"height: 24px;\">\n<td style=\"border-style: groove; border-color: #140101; width: 440px; height: 24px;\" width=\"285\"><strong>Pradini\u0173 klasi\u0173 mokytojai<\/strong><\/td>\n<td style=\"border-style: groove; border-color: #140101; width: 126px; height: 24px; text-align: center;\" width=\"79\"><strong>11,63<\/strong><\/td>\n<td style=\"border-style: groove; border-color: #140101; width: 185px; height: 24px; text-align: center;\" width=\"118\"><strong>2764,75<\/strong><\/td>\n<td style=\"border-style: groove; border-color: #140101; width: 187px; height: 24px; text-align: center;\" width=\"119\"><strong>&nbsp;<\/strong><\/td>\n<\/tr>\n<tr style=\"height: 24px;\">\n<td style=\"border-style: groove; border-color: #140101; width: 440px; height: 24px;\" width=\"285\"><strong>Grup\u0117s mokytoj\u0173 pad\u0117j\u0117jos ir mokinio pad\u0117j\u0117jos<\/strong><\/td>\n<td style=\"border-style: groove; border-color: #140101; width: 126px; height: 24px; text-align: center;\" width=\"79\"><strong>15,25<\/strong><\/td>\n<td style=\"border-style: groove; border-color: #140101; width: 185px; height: 24px; text-align: center;\" width=\"118\"><strong>1595,42<\/strong><\/td>\n<td style=\"border-style: groove; border-color: #140101; width: 187px; height: 24px; text-align: center;\" width=\"119\"><strong>&nbsp;<\/strong><\/td>\n<\/tr>\n<tr style=\"height: 24px;\">\n<td style=\"border-style: groove; border-color: #140101; width: 440px; height: 24px;\" width=\"285\"><strong>Vyr. vir\u0117jos, vir\u0117jos<\/strong><\/td>\n<td style=\"border-style: groove; border-color: #140101; width: 126px; height: 24px; text-align: center;\" width=\"79\"><strong>5,75<\/strong><\/td>\n<td style=\"border-style: groove; border-color: #140101; width: 185px; height: 24px; text-align: center;\" width=\"118\"><strong>1611,01<\/strong><\/td>\n<td style=\"border-style: groove; border-color: #140101; width: 187px; height: 24px; text-align: center;\" width=\"119\"><strong>&nbsp;<\/strong><\/td>\n<\/tr>\n<tr style=\"height: 96px;\">\n<td style=\"border-style: groove; border-color: #140101; width: 440px; height: 96px;\" width=\"285\"><strong>Kiti nepedagoginiai darbuotojai:<\/strong> vie\u0161\u0173j\u0173 pirkim\u0173 spec., valytojos, pastat\u0173 prie\u017e.darb., elektrikas, santechnikas, kompiuteri\u0173 in\u017einierius, sekretor\u0117, mitybos spec., darb\u0173 saugos spec.<\/td>\n<td style=\"border-style: groove; border-color: #140101; width: 126px; height: 96px; text-align: center;\" width=\"79\"><strong>12,5<\/strong><\/td>\n<td style=\"border-style: groove; border-color: #140101; width: 185px; height: 96px; text-align: center;\" width=\"118\"><strong>1463,09<\/strong><\/td>\n<td style=\"border-style: groove; border-color: #140101; width: 187px; height: 96px; text-align: center;\" width=\"119\"><strong>&nbsp;<\/strong><\/td>\n<\/tr>\n<\/tbody>\n<\/table>\n","protected":false},"excerpt":{"rendered":"<p>&nbsp; Baisogalos mokyklos-dar\u017eelio darbuotoj\u0173 pareigybi\u0173 bruto vidutinis darbo u\u017emokestis u\u017e 2026 m.&nbsp; Pareigyb\u0117s Etatai I ketvirtis IIketvirtis Vadovai 3,5 4785,80 &nbsp; Ikimokyklinio ir prie\u0161mokyklinio ugdymo mokytojai 13 2601,07 &nbsp; Specialistai: meninio ugd. mokytojai, logopedas, specialus pedagogas, socialinis pedagogas, plaukimo instruktorius, pailgintos d. gr. aukl\u0117tojos&nbsp; 9,29 2466,29 &nbsp; Pradini\u0173 klasi\u0173 mokytojai 11,63 2764,75 &nbsp; Grup\u0117s mokytoj\u0173 [&hellip;]<\/p>\n","protected":false},"author":1,"featured_media":0,"parent":94,"menu_order":0,"comment_status":"closed","ping_status":"closed","template":"","meta":{"ngg_post_thumbnail":0,"footnotes":""},"class_list":["post-117","page","type-page","status-publish","hentry"],"_links":{"self":[{"href":"https:\/\/www.baisogalosmd.radviliskis.lm.lt\/index.php?rest_route=\/wp\/v2\/pages\/117","targetHints":{"allow":["GET"]}}],"collection":[{"href":"https:\/\/www.baisogalosmd.radviliskis.lm.lt\/index.php?rest_route=\/wp\/v2\/pages"}],"about":[{"href":"https:\/\/www.baisogalosmd.radviliskis.lm.lt\/index.php?rest_route=\/wp\/v2\/types\/page"}],"author":[{"embeddable":true,"href":"https:\/\/www.baisogalosmd.radviliskis.lm.lt\/index.php?rest_route=\/wp\/v2\/users\/1"}],"replies":[{"embeddable":true,"href":"https:\/\/www.baisogalosmd.radviliskis.lm.lt\/index.php?rest_route=%2Fwp%2Fv2%2Fcomments&post=117"}],"version-history":[{"count":111,"href":"https:\/\/www.baisogalosmd.radviliskis.lm.lt\/index.php?rest_route=\/wp\/v2\/pages\/117\/revisions"}],"predecessor-version":[{"id":14012,"href":"https:\/\/www.baisogalosmd.radviliskis.lm.lt\/index.php?rest_route=\/wp\/v2\/pages\/117\/revisions\/14012"}],"up":[{"embeddable":true,"href":"https:\/\/www.baisogalosmd.radviliskis.lm.lt\/index.php?rest_route=\/wp\/v2\/pages\/94"}],"wp:attachment":[{"href":"https:\/\/www.baisogalosmd.radviliskis.lm.lt\/index.php?rest_route=%2Fwp%2Fv2%2Fmedia&parent=117"}],"curies":[{"name":"wp","href":"https:\/\/api.w.org\/{rel}","templated":true}]}}