{"id":126,"date":"2014-01-21T21:10:22","date_gmt":"2014-01-21T19:10:22","guid":{"rendered":"http:\/\/www2169.vu.lt\/?page_id=126"},"modified":"2026-04-08T13:17:47","modified_gmt":"2026-04-08T10:17:47","slug":"tevams","status":"publish","type":"page","link":"https:\/\/www.baisogalosmd.radviliskis.lm.lt\/?page_id=126","title":{"rendered":"T\u0117vams"},"content":{"rendered":"<h3><a href=\"https:\/\/e-seimas.lrs.lt\/portal\/legalAct\/lt\/TAD\/b05807022e0111f18390fc7af895c2ec?jfwid=wnoi6ryau\" target=\"_blank\" rel=\"noopener\"><b>D\u0116L RADVILI\u0160KIO RAJONO SAVIVALDYB\u0116S TARYBOS&nbsp;2024 M. BALAND\u017dIO 11 D. SPRENDIMO NR. T-343 \u201eD\u0116L&nbsp;IKIMOKYKLINIO IR PRIE\u0160MOKYKLINIO UGDYMO ORGANIZAVIMO MODELI\u0172 NUSTATYMO&nbsp;RADVILI\u0160KIO RAJONO&nbsp;SAVIVALDYB\u0116S \u0160VIETIMO \u012eSTAIGOSE TVARKOS APRA\u0160O PATVIRTINIMO\u201c PAKEITIMO<\/b><\/a><\/h3>\r\n<h3><a href=\"https:\/\/e-seimas.lrs.lt\/portal\/legalAct\/lt\/TAD\/12dcded12dc811f18390fc7af895c2ec\" target=\"_blank\" rel=\"noopener\"><b>D\u0116L \u0160VIETIMO \u012eSTAIG\u0172 IKIMOKYKLINIO UGDYMO GRUPI\u0172 DARBO ORGANIZAVIMO VASAROS LAIKOTARPIU TVARKOS APRA\u0160O PATVIRTINIMO<\/b><\/a><\/h3>\r\n<h3><a href=\"https:\/\/www.baisogalosmd.radviliskis.lm.lt\/wp-content\/uploads\/2026\/03\/priemimas.pdf\" target=\"_blank\" rel=\"noopener\">IKIMOKYKLINIO IR PRIE\u0160MOKYKLINIO AM\u017dIAUS VAIK\u0172 PRI\u0116MIMAS \u012e DAR\u017dEL\u012e<\/a><\/h3>\r\n<h3><a href=\"https:\/\/www.baisogalosmd.radviliskis.lm.lt\/wp-content\/uploads\/2025\/03\/INFORMACIJA-teikiantiems-prasyma1.docx\" target=\"_blank\" rel=\"noopener\">INFORMACIJA TEIKIANTIEMS PRA\u0160YM\u0104 D\u0116L PRI\u0116MIMO<\/a><\/h3>\r\n<h3><a href=\"https:\/\/www.nsa.smm.lt\/projektai\/wp-content\/uploads\/2025\/02\/Atmintine-1.pdf\" target=\"_blank\" rel=\"noopener\" data-saferedirecturl=\"https:\/\/www.google.com\/url?q=https:\/\/www.nsa.smm.lt\/projektai\/wp-content\/uploads\/2025\/02\/Atmintine-1.pdf&amp;source=gmail&amp;ust=1743335507577000&amp;usg=AOvVaw2Hx8p9C8nqgzLt2o2-4LmL\">\u201eKOD\u0116L VAIK\u0172 DAR\u017dELIS \u2013 GERAS PASIRINKIMAS J\u016aS\u0172 MA\u017dYLIUI?\u201c<\/a><\/h3>\r\n<h3><a href=\"https:\/\/www.baisogalosmd.radviliskis.lm.lt\/wp-content\/uploads\/2025\/03\/vienlapis-tevams.pdf\" target=\"_blank\" rel=\"noopener\">KAIP KALB\u0116TIS SU VAIKAIS IR SPR\u0118STI SITUACIJAS, SUSIJUSIAS SU PSICHOAKTYVIOMIS MED\u017dIAGOMIS<\/a><\/h3>\r\n<h3>&nbsp;<\/h3>\r\n<h3><a href=\"https:\/\/e-seimas.lrs.lt\/portal\/legalAct\/lt\/TAD\/eff712f6fb0111eeaa63cf21c12b4657?jfwid=19qe94xfdd\" target=\"_blank\" rel=\"noopener\">RADVILI\u0160KIO RAJONO SAVIVALDYB\u0116S TARYBOS 2024 M.&nbsp;&nbsp;BALAND\u017dIO 11 D.&nbsp;SPRENDIMAS NR. T-344 \u201eD\u0116L ATLYGINIMO U\u017d VAIK\u0172, UGDOM\u0172 PAGAL IKIMOKYKLINIO IR PRIE\u0160MOKYKLINIO UGDYMO PROGRAMAS, I\u0160LAIKYM\u0104 RADVILI\u0160KIO RAJONO SAVIVALDYB\u0116S \u0160VIETIMO \u012eSTAIGOSE MOK\u0116JIMO NUSTATYMO TVARKOS APRA\u0160O PATVIRTINIMO\u201c<\/a><\/h3>\r\n<h3>ngg_shortcode_0_placeholder<\/h3>\r\n<h3><strong><a href=\"https:\/\/www.baisogalosmd.radviliskis.lm.lt\/wp-content\/uploads\/2024\/02\/te_vu_-linijoje-psichologu_-konsultacijos-jau-ir-el.-lais_kais-1.pdf\" target=\"_blank\" rel=\"noopener\">\u201eT\u0116V\u0172 LINIJOJE\u201c PSICHOLOG\u0172 KONSULTACIJOS<\/a><\/strong><\/h3>\r\n<h3><strong><a href=\"https:\/\/www.baisogalosmd.radviliskis.lm.lt\/wp-content\/uploads\/2024\/02\/Poilsio-Rekomendaciju-patvirtinimo.pdf\" target=\"_blank\" rel=\"noopener\">POTVARKIS D\u0116L REKOMENDACIJ\u0172 D\u0116L VAIK\u0172 POILSIO ORGANIZAVIMO RADVILI\u0160KIO RAJONO SAVIVALDYB\u0116S \u0160VIETIMO \u012eSTAIGOSE, VYKDAN\u010cIOSE IKIMOKYKLINIO IR PRIE\u0160MOKYKLINIO UGDYMO PROGRAMAS, PATVIRTINIMO&nbsp;<\/a><\/strong><\/h3>\r\n<h3><strong><a href=\"https:\/\/poilsisdarzelyje.lt\/\" target=\"_blank\" rel=\"noopener\">https:\/\/poilsisdarzelyje.lt\/<\/a><\/strong><\/h3>\r\n<h3><strong><a href=\"https:\/\/www.baisogalosmd.radviliskis.lm.lt\/wp-content\/uploads\/2023\/08\/Del-atlyginimo-uz-vaiku-ugd.pdf\" target=\"_blank\" rel=\"noopener\">INFORMACIJA T\u0116VELIAMS APIE ATLYGINIMO U\u017d VAIK\u0172 I\u0160LAIKYM\u0104 IKIMOKYKLINIO IR PRIE\u0160MOKYKLINIO UGDYMO GRUP\u0116SE MOK\u0116JIM\u0104<\/a><\/strong><\/h3>\r\n<h3><strong><a href=\"https:\/\/www.baisogalosmd.radviliskis.lm.lt\/\/wp-content\/uploads\/2020\/11\/Pra\u0161ymas-pateisinti-pamokas-d\u0117l-kelioni\u0173-ir-kt.reikal\u0173..docx\" target=\"_blank\" rel=\"noopener noreferrer\">PRA\u0160YMAS PATEISINTI PRALEISTAS PAMOKAS<\/a><\/strong><\/h3>\r\n<h3><a href=\"https:\/\/www.baisogalosmd.radviliskis.lm.lt\/wp-content\/uploads\/2024\/11\/AUKLETOJU-DARBO-GRAFIKAS-24-25.pdf\" target=\"_blank\" rel=\"noopener\"><strong>BAISOGALOS MOKYKLOS &#8211; DAR\u017dELIO AUKL\u0116TOJ\u0172&nbsp; DARBO GRAFIKAS<\/strong><\/a><\/h3>\r\n<p><strong><\/strong><\/p>\r\n<p><strong><a href=\"https:\/\/www.baisogalosmd.radviliskis.lm.lt\/\/wp-content\/uploads\/2021\/03\/sprendimo-D\u0116L-ATLYGINIMO-suvestin\u0117-redakcija-2021-03-02.docx\">ATLYGINIMO U\u017d VAIK\u0172, UGDOM\u0172 PAGAL IKIMOKYKLINIO IR PRIE\u0160MOKYKLINIO UGDYMO PROGRAMAS, I\u0160LAIKYM\u0104 RADVILI\u0160KIO RAJONO SAVIVALDYB\u0116S \u0160VIETIMO \u012eSTAIGOSE MOK\u0116JIMO NUSTATYMO TVARKOS APRA\u0160AS<\/a><\/strong><\/p>\r\n","protected":false},"excerpt":{"rendered":"<p>D\u0116L RADVILI\u0160KIO RAJONO SAVIVALDYB\u0116S TARYBOS&nbsp;2024 M. BALAND\u017dIO 11 D. SPRENDIMO NR. T-343 \u201eD\u0116L&nbsp;IKIMOKYKLINIO IR PRIE\u0160MOKYKLINIO UGDYMO ORGANIZAVIMO MODELI\u0172 NUSTATYMO&nbsp;RADVILI\u0160KIO RAJONO&nbsp;SAVIVALDYB\u0116S \u0160VIETIMO \u012eSTAIGOSE TVARKOS APRA\u0160O PATVIRTINIMO\u201c PAKEITIMO D\u0116L \u0160VIETIMO \u012eSTAIG\u0172 IKIMOKYKLINIO UGDYMO GRUPI\u0172 DARBO ORGANIZAVIMO VASAROS LAIKOTARPIU TVARKOS APRA\u0160O PATVIRTINIMO IKIMOKYKLINIO IR PRIE\u0160MOKYKLINIO AM\u017dIAUS VAIK\u0172 PRI\u0116MIMAS \u012e DAR\u017dEL\u012e INFORMACIJA TEIKIANTIEMS PRA\u0160YM\u0104 D\u0116L PRI\u0116MIMO \u201eKOD\u0116L VAIK\u0172 DAR\u017dELIS [&hellip;]<\/p>\n","protected":false},"author":1,"featured_media":0,"parent":2,"menu_order":0,"comment_status":"open","ping_status":"closed","template":"","meta":{"ngg_post_thumbnail":0,"footnotes":""},"class_list":["post-126","page","type-page","status-publish","hentry"],"_links":{"self":[{"href":"https:\/\/www.baisogalosmd.radviliskis.lm.lt\/index.php?rest_route=\/wp\/v2\/pages\/126","targetHints":{"allow":["GET"]}}],"collection":[{"href":"https:\/\/www.baisogalosmd.radviliskis.lm.lt\/index.php?rest_route=\/wp\/v2\/pages"}],"about":[{"href":"https:\/\/www.baisogalosmd.radviliskis.lm.lt\/index.php?rest_route=\/wp\/v2\/types\/page"}],"author":[{"embeddable":true,"href":"https:\/\/www.baisogalosmd.radviliskis.lm.lt\/index.php?rest_route=\/wp\/v2\/users\/1"}],"replies":[{"embeddable":true,"href":"https:\/\/www.baisogalosmd.radviliskis.lm.lt\/index.php?rest_route=%2Fwp%2Fv2%2Fcomments&post=126"}],"version-history":[{"count":168,"href":"https:\/\/www.baisogalosmd.radviliskis.lm.lt\/index.php?rest_route=\/wp\/v2\/pages\/126\/revisions"}],"predecessor-version":[{"id":14001,"href":"https:\/\/www.baisogalosmd.radviliskis.lm.lt\/index.php?rest_route=\/wp\/v2\/pages\/126\/revisions\/14001"}],"up":[{"embeddable":true,"href":"https:\/\/www.baisogalosmd.radviliskis.lm.lt\/index.php?rest_route=\/wp\/v2\/pages\/2"}],"wp:attachment":[{"href":"https:\/\/www.baisogalosmd.radviliskis.lm.lt\/index.php?rest_route=%2Fwp%2Fv2%2Fmedia&parent=126"}],"curies":[{"name":"wp","href":"https:\/\/api.w.org\/{rel}","templated":true}]}}