{"id":128,"date":"2014-01-21T21:11:11","date_gmt":"2014-01-21T19:11:11","guid":{"rendered":"http:\/\/www2169.vu.lt\/?page_id=128"},"modified":"2025-04-26T12:45:57","modified_gmt":"2025-04-26T09:45:57","slug":"laisvos-darbo-vietos","status":"publish","type":"page","link":"https:\/\/www.baisogalosmd.radviliskis.lm.lt\/?page_id=128","title":{"rendered":"Laisvos darbo vietos"},"content":{"rendered":"<h1><strong>\u0160IUO METU LAISV\u0172 DARBO VIET\u0172 N\u0116RA<\/strong><\/h1>\n<p>&nbsp;<\/p>\n<p>&nbsp;<\/p>\n","protected":false},"excerpt":{"rendered":"<p>\u0160IUO METU LAISV\u0172 DARBO VIET\u0172 N\u0116RA &nbsp; &nbsp;<\/p>\n","protected":false},"author":1,"featured_media":0,"parent":2,"menu_order":0,"comment_status":"closed","ping_status":"closed","template":"","meta":{"ngg_post_thumbnail":0,"footnotes":""},"class_list":["post-128","page","type-page","status-publish","hentry"],"_links":{"self":[{"href":"https:\/\/www.baisogalosmd.radviliskis.lm.lt\/index.php?rest_route=\/wp\/v2\/pages\/128","targetHints":{"allow":["GET"]}}],"collection":[{"href":"https:\/\/www.baisogalosmd.radviliskis.lm.lt\/index.php?rest_route=\/wp\/v2\/pages"}],"about":[{"href":"https:\/\/www.baisogalosmd.radviliskis.lm.lt\/index.php?rest_route=\/wp\/v2\/types\/page"}],"author":[{"embeddable":true,"href":"https:\/\/www.baisogalosmd.radviliskis.lm.lt\/index.php?rest_route=\/wp\/v2\/users\/1"}],"replies":[{"embeddable":true,"href":"https:\/\/www.baisogalosmd.radviliskis.lm.lt\/index.php?rest_route=%2Fwp%2Fv2%2Fcomments&post=128"}],"version-history":[{"count":27,"href":"https:\/\/www.baisogalosmd.radviliskis.lm.lt\/index.php?rest_route=\/wp\/v2\/pages\/128\/revisions"}],"predecessor-version":[{"id":12876,"href":"https:\/\/www.baisogalosmd.radviliskis.lm.lt\/index.php?rest_route=\/wp\/v2\/pages\/128\/revisions\/12876"}],"up":[{"embeddable":true,"href":"https:\/\/www.baisogalosmd.radviliskis.lm.lt\/index.php?rest_route=\/wp\/v2\/pages\/2"}],"wp:attachment":[{"href":"https:\/\/www.baisogalosmd.radviliskis.lm.lt\/index.php?rest_route=%2Fwp%2Fv2%2Fmedia&parent=128"}],"curies":[{"name":"wp","href":"https:\/\/api.w.org\/{rel}","templated":true}]}}