{"id":151,"date":"2014-01-21T22:00:51","date_gmt":"2014-01-21T20:00:51","guid":{"rendered":"http:\/\/www2169.vu.lt\/?page_id=151"},"modified":"2024-11-12T14:08:38","modified_gmt":"2024-11-12T12:08:38","slug":"mokiniai","status":"publish","type":"page","link":"https:\/\/www.baisogalosmd.radviliskis.lm.lt\/?page_id=151","title":{"rendered":"Mokiniai"},"content":{"rendered":"<h2 style=\"text-align: center;\"><span style=\"font-family: times new roman,times;\">1 klas\u0117<\/span><\/h2>\n<p><span style=\"font-size: 16.0pt;\"><span style=\"mso-spacerun: yes;\">ngg_shortcode_0_placeholder<\/span><\/span><\/p>\n<h2 style=\"text-align: center;\"><span style=\"font-family: times new roman,times;\">2 klas\u0117<\/span><\/h2>\nngg_shortcode_1_placeholder\n<p>&nbsp;<\/p>\n<h2 style=\"text-align: center;\"><span style=\"font-family: times new roman,times;\">3a klas\u0117<\/span><\/h2>\n<p><span style=\"font-size: 16.0pt;\"><span style=\"mso-spacerun: yes;\">ngg_shortcode_2_placeholder<\/span><\/span><\/p>\n<h2 style=\"text-align: center;\"><span style=\"font-family: times new roman,times;\">3b klas\u0117<\/span><\/h2>\n<p><span style=\"font-size: 16.0pt;\"><span style=\"mso-spacerun: yes;\">ngg_shortcode_3_placeholder<\/span><\/span><\/p>\n<h2 style=\"text-align: center;\"><span style=\"font-family: times new roman,times;\">4 klas\u0117<\/span><\/h2>\n<p><span style=\"font-size: 16.0pt;\"><span style=\"mso-spacerun: yes;\">ngg_shortcode_4_placeholder<\/span><\/span><\/p>\n","protected":false},"excerpt":{"rendered":"<p>1 klas\u0117 2 klas\u0117 &nbsp; 3a klas\u0117 3b klas\u0117 4 klas\u0117<\/p>\n","protected":false},"author":1,"featured_media":0,"parent":138,"menu_order":0,"comment_status":"closed","ping_status":"closed","template":"","meta":{"ngg_post_thumbnail":0,"footnotes":""},"class_list":["post-151","page","type-page","status-publish","hentry"],"_links":{"self":[{"href":"https:\/\/www.baisogalosmd.radviliskis.lm.lt\/index.php?rest_route=\/wp\/v2\/pages\/151","targetHints":{"allow":["GET"]}}],"collection":[{"href":"https:\/\/www.baisogalosmd.radviliskis.lm.lt\/index.php?rest_route=\/wp\/v2\/pages"}],"about":[{"href":"https:\/\/www.baisogalosmd.radviliskis.lm.lt\/index.php?rest_route=\/wp\/v2\/types\/page"}],"author":[{"embeddable":true,"href":"https:\/\/www.baisogalosmd.radviliskis.lm.lt\/index.php?rest_route=\/wp\/v2\/users\/1"}],"replies":[{"embeddable":true,"href":"https:\/\/www.baisogalosmd.radviliskis.lm.lt\/index.php?rest_route=%2Fwp%2Fv2%2Fcomments&post=151"}],"version-history":[{"count":18,"href":"https:\/\/www.baisogalosmd.radviliskis.lm.lt\/index.php?rest_route=\/wp\/v2\/pages\/151\/revisions"}],"predecessor-version":[{"id":12353,"href":"https:\/\/www.baisogalosmd.radviliskis.lm.lt\/index.php?rest_route=\/wp\/v2\/pages\/151\/revisions\/12353"}],"up":[{"embeddable":true,"href":"https:\/\/www.baisogalosmd.radviliskis.lm.lt\/index.php?rest_route=\/wp\/v2\/pages\/138"}],"wp:attachment":[{"href":"https:\/\/www.baisogalosmd.radviliskis.lm.lt\/index.php?rest_route=%2Fwp%2Fv2%2Fmedia&parent=151"}],"curies":[{"name":"wp","href":"https:\/\/api.w.org\/{rel}","templated":true}]}}