{"id":153,"date":"2014-01-21T22:01:34","date_gmt":"2014-01-21T20:01:34","guid":{"rendered":"http:\/\/www2169.vu.lt\/?page_id=153"},"modified":"2026-04-10T17:37:52","modified_gmt":"2026-04-10T14:37:52","slug":"mokytojai-2","status":"publish","type":"page","link":"https:\/\/www.baisogalosmd.radviliskis.lm.lt\/?page_id=153","title":{"rendered":"Darbuotojai"},"content":{"rendered":"<p><span style=\"font-size: 16.0pt;\"><span style=\"mso-spacerun: yes;\">ngg_shortcode_0_placeholder<\/span><\/span><\/p>\n<table style=\"border-style: ridge; width: 576px; border-color: #1c0303;\" width=\"576\">\n<tbody>\n<tr>\n<td width=\"47\">Eil. Nr.<\/td>\n<td width=\"165\">Pedagogo vardas, pavard\u0117<\/td>\n<td width=\"364\">Pareigos<\/p>\n<p>&nbsp;<\/td>\n<\/tr>\n<tr>\n<td width=\"47\"><strong>&nbsp;<\/strong><\/td>\n<td colspan=\"2\" width=\"529\"><strong>Administracija<\/strong>.<\/td>\n<\/tr>\n<tr>\n<td width=\"47\">1.&nbsp;&nbsp;&nbsp;&nbsp; &nbsp;<\/td>\n<td width=\"165\">G. Areli\u016bnien\u0117<\/td>\n<td width=\"364\">pavaduotoja ugdymui<\/td>\n<\/tr>\n<tr>\n<td width=\"47\">2.&nbsp;&nbsp;&nbsp;&nbsp; &nbsp;<\/td>\n<td width=\"165\">G.Pu\u017eauskien\u0117<\/td>\n<td width=\"364\">pavaduotoja ugdymui<\/td>\n<\/tr>\n<tr>\n<td width=\"47\"><strong>&nbsp;<\/strong><\/td>\n<td colspan=\"2\" width=\"529\"><strong>Pradini\u0173 klasi\u0173 mokytojai<\/strong><\/td>\n<\/tr>\n<tr>\n<td width=\"47\">3.&nbsp;&nbsp;&nbsp;&nbsp; &nbsp;<\/td>\n<td width=\"165\">R. Briedelien\u0117<\/td>\n<td width=\"364\">pradini\u0173 kl. &nbsp;Mokytoja metodinink\u0117<\/td>\n<\/tr>\n<tr>\n<td width=\"47\">4.&nbsp;&nbsp;&nbsp;&nbsp; &nbsp;<\/td>\n<td width=\"165\">E. Mickuvien\u0117<\/td>\n<td width=\"364\">pradini\u0173 kl. mokytoja metodinink\u0117<\/td>\n<\/tr>\n<tr>\n<td width=\"47\">5.&nbsp;&nbsp;&nbsp;&nbsp; &nbsp;<\/td>\n<td width=\"165\">D. Volskyt\u0117<\/td>\n<td width=\"364\">pradini\u0173 kl. mokytoja metodinink\u0117<\/td>\n<\/tr>\n<tr>\n<td width=\"47\">6.&nbsp;&nbsp;&nbsp;&nbsp; &nbsp;<\/td>\n<td width=\"165\">Z. Bliznikien\u0117<\/td>\n<td width=\"364\">pradini\u0173 kl. mokytoja metodinink\u0117<\/td>\n<\/tr>\n<tr>\n<td width=\"47\">7.&nbsp;&nbsp;&nbsp;&nbsp; &nbsp;<\/td>\n<td width=\"165\">A. Kilien\u0117<\/td>\n<td width=\"364\">muzikos mokytoja&nbsp; metodinink\u0117<\/td>\n<\/tr>\n<tr>\n<td width=\"47\">&nbsp;<\/td>\n<td width=\"165\">A. Kilien\u0117<\/td>\n<td width=\"364\">angl\u0173 k. vyresnioji mokytoja<\/td>\n<\/tr>\n<tr>\n<td width=\"47\">8.&nbsp;&nbsp;&nbsp;&nbsp; &nbsp;<\/td>\n<td width=\"165\">G. Nakutien\u0117<\/td>\n<td width=\"364\">tikybos vyresnioji mokytoja<\/td>\n<\/tr>\n<tr>\n<td width=\"47\">9.&nbsp;&nbsp;&nbsp;&nbsp; &nbsp;<\/td>\n<td width=\"165\">R. Armonien\u0117<\/td>\n<td width=\"364\">pradini\u0173 kl. vyresnioji mokytoja<\/td>\n<\/tr>\n<tr>\n<td width=\"47\">10.&nbsp; &nbsp;<\/td>\n<td width=\"165\">G.&nbsp; Keme\u0161ien\u0117<\/td>\n<td width=\"364\">pradini\u0173 kl. &nbsp;vyresnioji mokytoja<\/td>\n<\/tr>\n<tr>\n<td width=\"47\">11.&nbsp; &nbsp;<\/td>\n<td width=\"165\">G. Kni\u0161kien\u0117<\/td>\n<td width=\"364\">pradini\u0173 kl. vyresnioji mokytoja<\/td>\n<\/tr>\n<tr>\n<td width=\"47\">12.&nbsp; &nbsp;<\/td>\n<td width=\"165\">R. Gramat\u0117<\/td>\n<td width=\"364\">pradini\u0173 kl. vyresnioji mokytoja<\/td>\n<\/tr>\n<tr>\n<td width=\"47\">13.&nbsp; &nbsp;<\/td>\n<td width=\"165\">D. Kaupien\u0117<\/td>\n<td width=\"364\">pradini\u0173 kl. vyresnioji mokytoja<\/td>\n<\/tr>\n<tr>\n<td width=\"47\">14.&nbsp; &nbsp;<\/td>\n<td width=\"165\">D. \u017dukien\u0117<\/td>\n<td width=\"364\">pradini\u0173 kl. vyresnioji mokytoja&nbsp;<\/td>\n<\/tr>\n<tr>\n<td width=\"47\">15.&nbsp; &nbsp;<\/td>\n<td width=\"165\">N. Bernadickien\u0117<\/td>\n<td width=\"364\">pradini\u0173 kl. vyresnioji mokytoja<\/td>\n<\/tr>\n<tr>\n<td width=\"47\">16.&nbsp; &nbsp;<\/td>\n<td width=\"165\">I. Aukselien\u0117<\/td>\n<td width=\"364\">logoped\u0117 vyresnioji mokytoja<\/td>\n<\/tr>\n<tr>\n<td width=\"47\">17.&nbsp; &nbsp;<\/td>\n<td width=\"165\">R. Ba\u0161inskait\u0117<\/td>\n<td width=\"364\">Soc.pedagog\u0117 mokytoja<\/td>\n<\/tr>\n<tr>\n<td width=\"47\">18.&nbsp; &nbsp;<\/td>\n<td width=\"165\">D. \u017daromskien\u0117<\/td>\n<td width=\"364\">spec. pedagog\u0117 vyresnioji mokytoja<\/td>\n<\/tr>\n<tr>\n<td width=\"47\"><strong>&nbsp;<\/strong><\/td>\n<td colspan=\"2\" width=\"529\"><strong>Ikimokyklinis, prie\u0161mokyklinis ugdymas<\/strong><\/td>\n<\/tr>\n<tr>\n<td width=\"47\">19.&nbsp; &nbsp;<\/td>\n<td width=\"165\">J. Ka\u010diukevi\u010dien\u0117<\/td>\n<td width=\"364\">meninio ugd. mokytoja metodinink\u0117<\/td>\n<\/tr>\n<tr>\n<td width=\"47\">&nbsp;<\/td>\n<td width=\"165\">V. Bernadickien\u0117<\/td>\n<td width=\"364\">meninio ugd. vyresnioji mokytoja<\/td>\n<\/tr>\n<tr>\n<td width=\"47\">20.&nbsp; &nbsp;<\/td>\n<td width=\"165\">D. Kilys<\/td>\n<td width=\"364\">plaukimo instruktorius vyresnysis mokytojas<\/td>\n<\/tr>\n<tr>\n<td width=\"47\">21.&nbsp; &nbsp;<\/td>\n<td width=\"165\">D. Miron\u010dikien\u0117<\/td>\n<td width=\"364\">Ikimokyklinio&nbsp; ugd. vyresnioji mokytoja<\/td>\n<\/tr>\n<tr>\n<td width=\"47\">22.&nbsp; &nbsp;<\/td>\n<td width=\"165\">V. Gustien\u0117<\/td>\n<td width=\"364\">Ikimokyklinio ugd. vyresnioji mokytoja<\/td>\n<\/tr>\n<tr>\n<td width=\"47\">23.&nbsp; &nbsp;<\/td>\n<td width=\"165\">L.Gai\u017eauskien\u0117<\/td>\n<td width=\"364\">Ikimokyklinio ugd. mokytoja<\/td>\n<\/tr>\n<tr>\n<td width=\"47\">24.&nbsp; &nbsp;<\/td>\n<td width=\"165\">G. Svidrait\u0117<\/td>\n<td width=\"364\">ikimokyklinio ugd. mokytoja<\/td>\n<\/tr>\n<tr>\n<td width=\"47\">25.&nbsp; &nbsp;<\/td>\n<td width=\"165\">R. \u010cepaitien\u0117<\/td>\n<td width=\"364\">ikimokyklinio ugd. mokytoja metodinink\u0117<\/td>\n<\/tr>\n<tr>\n<td width=\"47\">26.&nbsp; &nbsp;<\/td>\n<td width=\"165\">R. Stasiukonien\u0117<\/td>\n<td width=\"364\">Ikimokyklinio ugd. vyresnioji mokytoja<\/td>\n<\/tr>\n<tr>\n<td width=\"47\">&nbsp;<\/td>\n<td width=\"165\">G. Pu\u017eauskien\u0117<\/td>\n<td width=\"364\">ikimokyklinio ugd. vyresnioji mokytoja<\/td>\n<\/tr>\n<tr>\n<td width=\"47\">27.&nbsp; &nbsp;<\/td>\n<td width=\"165\">E. B\u016bgien\u0117<\/td>\n<td width=\"364\">Ikimokyklinio ugd. mokytoja<\/td>\n<\/tr>\n<tr>\n<td width=\"47\">28.&nbsp; &nbsp;<\/td>\n<td width=\"165\">G. Tamulionien\u0117<\/td>\n<td width=\"364\">Ikimokyk.,prie\u0161mok.ugd. mokytoja metodinink\u0117<\/td>\n<\/tr>\n<tr>\n<td width=\"47\">29.&nbsp; &nbsp;<\/td>\n<td width=\"165\">E. Tautkuvien\u0117<\/td>\n<td width=\"364\">Prie\u0161mokykl. ugd. mokytoja metodinink\u0117<\/td>\n<\/tr>\n<tr>\n<td width=\"47\">30.&nbsp; &nbsp;<\/td>\n<td width=\"165\">\u017d. Puidokien\u0117<\/td>\n<td width=\"364\">Prie\u0161mokykl. ugd. vyresnioji mokytoja<\/td>\n<\/tr>\n<tr>\n<td width=\"47\">31.&nbsp; &nbsp;<\/td>\n<td width=\"165\">L.Pa\u0161kevi\u010dien\u0117<\/td>\n<td width=\"364\">Ikimokyklinio ugd. vyresnioji mokytoja<\/td>\n<\/tr>\n<tr>\n<td width=\"47\"><strong>&nbsp;<\/strong><\/td>\n<td colspan=\"2\" width=\"529\"><strong>\u0160vietimo pagalba<\/strong><\/td>\n<\/tr>\n<tr>\n<td width=\"47\">32.&nbsp; &nbsp;<\/td>\n<td width=\"165\">L. Kr\u016bgelien\u0117<\/td>\n<td width=\"364\">logoped\u0117 metodinink\u0117<\/td>\n<\/tr>\n<tr>\n<td width=\"47\">&nbsp;<\/td>\n<td width=\"165\">D. \u017daromskien\u0117<\/td>\n<td width=\"364\">spec. pedagog\u0117 vyresnioji mokytoja<\/td>\n<\/tr>\n<tr>\n<td width=\"47\">&nbsp;<\/td>\n<td width=\"165\">D. \u017dukien\u0117<\/td>\n<td width=\"364\">spec. pedagog\u0117 vyresnioji mokytoja<\/td>\n<\/tr>\n<tr>\n<td width=\"47\">&nbsp;<\/td>\n<td width=\"165\">G. Tamulionien\u0117<\/td>\n<td width=\"364\">spec. pedagog\u0117 mokytoja<\/td>\n<\/tr>\n<tr>\n<td width=\"47\">&nbsp;<\/td>\n<td width=\"165\">I. Aukselien\u0117<\/td>\n<td width=\"364\">logoped\u0117 vyresnioji mokytoja<\/td>\n<\/tr>\n<tr>\n<td width=\"47\">&nbsp;<\/td>\n<td width=\"165\">R. Ba\u0161inskait\u0117<\/td>\n<td width=\"364\">Soc.pedagog\u0117 mokytoja<\/td>\n<\/tr>\n<\/tbody>\n<\/table>\n","protected":false},"excerpt":{"rendered":"<p>Eil. Nr. Pedagogo vardas, pavard\u0117 Pareigos &nbsp; &nbsp; Administracija. 1.&nbsp;&nbsp;&nbsp;&nbsp; &nbsp; G. Areli\u016bnien\u0117 pavaduotoja ugdymui 2.&nbsp;&nbsp;&nbsp;&nbsp; &nbsp; G.Pu\u017eauskien\u0117 pavaduotoja ugdymui &nbsp; Pradini\u0173 klasi\u0173 mokytojai 3.&nbsp;&nbsp;&nbsp;&nbsp; &nbsp; R. Briedelien\u0117 pradini\u0173 kl. &nbsp;Mokytoja metodinink\u0117 4.&nbsp;&nbsp;&nbsp;&nbsp; &nbsp; E. Mickuvien\u0117 pradini\u0173 kl. mokytoja metodinink\u0117 5.&nbsp;&nbsp;&nbsp;&nbsp; &nbsp; D. Volskyt\u0117 pradini\u0173 kl. mokytoja metodinink\u0117 6.&nbsp;&nbsp;&nbsp;&nbsp; &nbsp; Z. Bliznikien\u0117 pradini\u0173 kl. mokytoja [&hellip;]<\/p>\n","protected":false},"author":1,"featured_media":0,"parent":138,"menu_order":0,"comment_status":"closed","ping_status":"closed","template":"","meta":{"ngg_post_thumbnail":0,"footnotes":""},"class_list":["post-153","page","type-page","status-publish","hentry"],"_links":{"self":[{"href":"https:\/\/www.baisogalosmd.radviliskis.lm.lt\/index.php?rest_route=\/wp\/v2\/pages\/153","targetHints":{"allow":["GET"]}}],"collection":[{"href":"https:\/\/www.baisogalosmd.radviliskis.lm.lt\/index.php?rest_route=\/wp\/v2\/pages"}],"about":[{"href":"https:\/\/www.baisogalosmd.radviliskis.lm.lt\/index.php?rest_route=\/wp\/v2\/types\/page"}],"author":[{"embeddable":true,"href":"https:\/\/www.baisogalosmd.radviliskis.lm.lt\/index.php?rest_route=\/wp\/v2\/users\/1"}],"replies":[{"embeddable":true,"href":"https:\/\/www.baisogalosmd.radviliskis.lm.lt\/index.php?rest_route=%2Fwp%2Fv2%2Fcomments&post=153"}],"version-history":[{"count":40,"href":"https:\/\/www.baisogalosmd.radviliskis.lm.lt\/index.php?rest_route=\/wp\/v2\/pages\/153\/revisions"}],"predecessor-version":[{"id":14013,"href":"https:\/\/www.baisogalosmd.radviliskis.lm.lt\/index.php?rest_route=\/wp\/v2\/pages\/153\/revisions\/14013"}],"up":[{"embeddable":true,"href":"https:\/\/www.baisogalosmd.radviliskis.lm.lt\/index.php?rest_route=\/wp\/v2\/pages\/138"}],"wp:attachment":[{"href":"https:\/\/www.baisogalosmd.radviliskis.lm.lt\/index.php?rest_route=%2Fwp%2Fv2%2Fmedia&parent=153"}],"curies":[{"name":"wp","href":"https:\/\/api.w.org\/{rel}","templated":true}]}}