{"id":345,"date":"2014-02-09T20:15:00","date_gmt":"2014-02-09T18:15:00","guid":{"rendered":"http:\/\/www2169.vu.lt\/?page_id=345"},"modified":"2024-11-12T14:06:42","modified_gmt":"2024-11-12T12:06:42","slug":"darzelinukai","status":"publish","type":"page","link":"https:\/\/www.baisogalosmd.radviliskis.lm.lt\/?page_id=345","title":{"rendered":"Dar\u017eelinukai"},"content":{"rendered":"<p>&nbsp;<\/p>\n<h1>&nbsp;<\/h1>\n<h1 style=\"text-align: center;\"><span style=\"font-size: 18pt; color: #000000;\"><strong><span style=\"font-family: arial black,avant garde;\">Prie\u0161mokyklinio ugdymo Bo<\/span><\/strong><\/span><strong style=\"color: #000000; font-size: 18pt;\"><span style=\"font-family: arial black,avant garde;\">ru\u017e\u0117li\u0173&nbsp; grup\u0117<\/span><\/strong><\/h1>\n<p><span style=\"font-size: 16.0pt;\"><span style=\"mso-spacerun: yes;\">ngg_shortcode_0_placeholder<\/span><\/span><\/p>\n<h1 style=\"text-align: center;\"><span style=\"font-family: arial black,avant garde; font-size: 18pt; color: #000000;\"><strong>Bitu\u010di\u0173 grup\u0117<br \/>\n<\/strong><\/span><\/h1>\n<p><span style=\"font-size: 16.0pt;\"><span style=\"mso-spacerun: yes;\">ngg_shortcode_1_placeholder<\/span><\/span><\/p>\n<h1 style=\"text-align: center;\"><span style=\"font-size: 18pt; color: #000000;\"><strong><span style=\"font-family: arial black,avant garde;\">Drugeli\u0173 grup\u0117<br \/>\n<\/span><\/strong><\/span><\/h1>\n<p><span style=\"font-size: 16.0pt;\"><span style=\"mso-spacerun: yes;\">ngg_shortcode_2_placeholder<\/span><\/span><\/p>\n<p style=\"text-align: center;\"><span style=\"font-size: 18pt; color: #000000;\"><strong><span style=\"font-family: arial black,avant garde;\">E\u017eiuk\u0173 grup\u0117<br \/>\n<\/span><\/strong><\/span><\/p>\n<p><span style=\"font-size: 16.0pt;\"><span style=\"mso-spacerun: yes;\">ngg_shortcode_3_placeholder<\/span><\/span><\/p>\n<h1 style=\"text-align: center;\"><strong><span style=\"font-size: 18pt; color: #000000;\"><span style=\"font-family: arial black,avant garde;\">Ki\u0161ki\u0173 grup\u0117<\/span><\/span><br \/>\n<\/strong><\/h1>\nngg_shortcode_4_placeholder\n<p style=\"text-align: center;\"><span style=\"font-size: 18pt; color: #000000;\"><strong><span style=\"font-family: arial black,avant garde;\">Pel\u0117d\u017eiuk\u0173 grup\u0117<\/span><\/strong><\/span><\/p>\nngg_shortcode_5_placeholder\n","protected":false},"excerpt":{"rendered":"<p>&nbsp; &nbsp; Prie\u0161mokyklinio ugdymo Boru\u017e\u0117li\u0173&nbsp; grup\u0117 Bitu\u010di\u0173 grup\u0117 Drugeli\u0173 grup\u0117 E\u017eiuk\u0173 grup\u0117 Ki\u0161ki\u0173 grup\u0117 Pel\u0117d\u017eiuk\u0173 grup\u0117<\/p>\n","protected":false},"author":1,"featured_media":0,"parent":138,"menu_order":0,"comment_status":"closed","ping_status":"closed","template":"","meta":{"ngg_post_thumbnail":0,"footnotes":""},"class_list":["post-345","page","type-page","status-publish","hentry"],"_links":{"self":[{"href":"https:\/\/www.baisogalosmd.radviliskis.lm.lt\/index.php?rest_route=\/wp\/v2\/pages\/345","targetHints":{"allow":["GET"]}}],"collection":[{"href":"https:\/\/www.baisogalosmd.radviliskis.lm.lt\/index.php?rest_route=\/wp\/v2\/pages"}],"about":[{"href":"https:\/\/www.baisogalosmd.radviliskis.lm.lt\/index.php?rest_route=\/wp\/v2\/types\/page"}],"author":[{"embeddable":true,"href":"https:\/\/www.baisogalosmd.radviliskis.lm.lt\/index.php?rest_route=\/wp\/v2\/users\/1"}],"replies":[{"embeddable":true,"href":"https:\/\/www.baisogalosmd.radviliskis.lm.lt\/index.php?rest_route=%2Fwp%2Fv2%2Fcomments&post=345"}],"version-history":[{"count":18,"href":"https:\/\/www.baisogalosmd.radviliskis.lm.lt\/index.php?rest_route=\/wp\/v2\/pages\/345\/revisions"}],"predecessor-version":[{"id":12352,"href":"https:\/\/www.baisogalosmd.radviliskis.lm.lt\/index.php?rest_route=\/wp\/v2\/pages\/345\/revisions\/12352"}],"up":[{"embeddable":true,"href":"https:\/\/www.baisogalosmd.radviliskis.lm.lt\/index.php?rest_route=\/wp\/v2\/pages\/138"}],"wp:attachment":[{"href":"https:\/\/www.baisogalosmd.radviliskis.lm.lt\/index.php?rest_route=%2Fwp%2Fv2%2Fmedia&parent=345"}],"curies":[{"name":"wp","href":"https:\/\/api.w.org\/{rel}","templated":true}]}}