{"id":7313,"date":"2019-10-14T16:11:19","date_gmt":"2019-10-14T13:11:19","guid":{"rendered":"https:\/\/www.baisogalosmd.radviliskis.lm.lt\/?page_id=7313"},"modified":"2026-01-06T17:30:10","modified_gmt":"2026-01-06T15:30:10","slug":"projektine-veikla","status":"publish","type":"page","link":"https:\/\/www.baisogalosmd.radviliskis.lm.lt\/?page_id=7313","title":{"rendered":"Projektin\u0117 veikla"},"content":{"rendered":"<h2>ngg_shortcode_0_placeholder<\/h2>\n<h2><a href=\"https:\/\/www.baisogalosmd.radviliskis.lm.lt\/wp-content\/uploads\/2026\/01\/KOREGUOTAS-VIESINIMAS.docx\" target=\"_blank\" rel=\"noopener\">Daugiau informacijos apie projekt\u0105<\/a>. <a href=\"https:\/\/www.baisogalosmd.radviliskis.lm.lt\/wp-content\/uploads\/2026\/01\/Plakatas.pdf\" target=\"_blank\" rel=\"noopener\">Plakatas<\/a><\/h2>\n<h2>ngg_shortcode_1_placeholder<\/h2>\n<h2><a href=\"https:\/\/zua.lrv.lt\/lt\/veiklos-sritys\/administruojamos-programos\/pienas-vaikams\/\" target=\"_blank\" rel=\"noopener\"><span style=\"color: #0000ff;\"><span style=\"color: #800000;\">Daugiau informacijos apie projekt\u0105<\/span><\/span><\/a><\/h2>\n<h2>ngg_shortcode_2_placeholder<\/h2>\n<h2><a href=\"https:\/\/www.esf.lt\/projektai\/ikimokyklinio-ugdymo-gerinimas-i\/\" target=\"_blank\" rel=\"noopener\">Daugiau informacijos apie projekt\u0105<\/a><\/h2>\n<h2>ngg_shortcode_3_placeholder<\/h2>\n<h2><a href=\"https:\/\/www.baisogalosmd.radviliskis.lm.lt\/wp-content\/uploads\/2025\/06\/Apie-projekta-priedangos.docx\" target=\"_blank\" rel=\"noopener\">Daugiau informacijos apie pprojekt\u0105<\/a><\/h2>\n<h2>ngg_shortcode_4_placeholder<\/h2>\n<h2><a href=\"https:\/\/www.baisogalosmd.radviliskis.lm.lt\/wp-content\/uploads\/2025\/06\/Apie-projekta-KAS.docx\" target=\"_blank\" rel=\"noopener\">Daugiau informacijos apie pprojekt\u0105<\/a><\/h2>\n<h2>ngg_shortcode_5_placeholder<\/h2>\n<h2>ngg_shortcode_6_placeholder<\/h2>\n<h2><a href=\"https:\/\/www.baisogalosmd.radviliskis.lm.lt\/wp-content\/uploads\/2025\/02\/Laiminga-Zeme-nuostatai-2025.pdf\" target=\"_blank\" rel=\"noopener\">Projekto &nbsp;\u201eLaiminga \u017eem\u0117\u201c<\/a> <a href=\"https:\/\/www.baisogalosmd.radviliskis.lm.lt\/wp-content\/uploads\/2025\/02\/Happy_Earth_settings_in_English_2025.docx.pdf\" target=\"_blank\" rel=\"noopener\"><strong>Project&#8221;Happy earth&#8221; <\/strong>nuostatai<\/a><\/h2>\n<h2><strong><a href=\"https:\/\/www.baisogalosmd.radviliskis.lm.lt\/wp-content\/uploads\/2024\/09\/Rudeniniai_linkejimai_nuostatai.pdf\">Projekto \u201eRudeniniai link\u0117jimai\u201cnuostatai<\/a><\/strong><\/h2>\n<h2><strong><a href=\"https:\/\/www.baisogalosmd.radviliskis.lm.lt\/wp-content\/uploads\/2024\/03\/Laiminga_Zeme_nuostatai.pdf\" target=\"_blank\" rel=\"noopener\">Projektas \u201eLaiminga \u017eem\u0117\u201c<\/a><\/strong>&nbsp; <a href=\"https:\/\/www.baisogalosmd.radviliskis.lm.lt\/wp-content\/uploads\/2024\/03\/Happy_Earth_settings_in_English.pdf\" target=\"_blank\" rel=\"noopener\"><strong>Project &#8222;Happy earth&#8221;<\/strong><\/a><\/h2>\n<h2><span style=\"color: #333399;\"><strong><a style=\"color: #333399;\" href=\"https:\/\/www.baisogalosmd.radviliskis.lm.lt\/\/wp-content\/uploads\/2019\/02\/Info-apie-projekt\u0105-mokykloms.pdf\" target=\"_blank\" rel=\"noopener noreferrer\"><span style=\"color: #800000;\">Projektas \u201eRadvili\u0161kio rajono bendrojo ugdymo mokykl\u0173 veiklos tobulinimas siekiant mokini\u0173 pa\u017eangos\u201c<\/span><\/a><\/strong><\/span><\/h2>\nngg_shortcode_7_placeholder\nngg_shortcode_8_placeholder\nngg_shortcode_9_placeholder\nngg_shortcode_10_placeholder\nngg_shortcode_11_placeholder\nngg_shortcode_12_placeholder\nngg_shortcode_13_placeholder\nngg_shortcode_14_placeholder\nngg_shortcode_15_placeholder\nngg_shortcode_16_placeholder\n","protected":false},"excerpt":{"rendered":"<p>Daugiau informacijos apie projekt\u0105. Plakatas Daugiau informacijos apie projekt\u0105 Daugiau informacijos apie projekt\u0105 Daugiau informacijos apie pprojekt\u0105 Daugiau informacijos apie pprojekt\u0105 Projekto &nbsp;\u201eLaiminga \u017eem\u0117\u201c Project&#8221;Happy earth&#8221; nuostatai Projekto \u201eRudeniniai link\u0117jimai\u201cnuostatai Projektas \u201eLaiminga \u017eem\u0117\u201c&nbsp; Project &#8222;Happy earth&#8221; Projektas \u201eRadvili\u0161kio rajono bendrojo ugdymo mokykl\u0173 veiklos tobulinimas siekiant mokini\u0173 pa\u017eangos\u201c<\/p>\n","protected":false},"author":1,"featured_media":0,"parent":94,"menu_order":0,"comment_status":"closed","ping_status":"closed","template":"","meta":{"ngg_post_thumbnail":0,"footnotes":""},"class_list":["post-7313","page","type-page","status-publish","hentry"],"_links":{"self":[{"href":"https:\/\/www.baisogalosmd.radviliskis.lm.lt\/index.php?rest_route=\/wp\/v2\/pages\/7313","targetHints":{"allow":["GET"]}}],"collection":[{"href":"https:\/\/www.baisogalosmd.radviliskis.lm.lt\/index.php?rest_route=\/wp\/v2\/pages"}],"about":[{"href":"https:\/\/www.baisogalosmd.radviliskis.lm.lt\/index.php?rest_route=\/wp\/v2\/types\/page"}],"author":[{"embeddable":true,"href":"https:\/\/www.baisogalosmd.radviliskis.lm.lt\/index.php?rest_route=\/wp\/v2\/users\/1"}],"replies":[{"embeddable":true,"href":"https:\/\/www.baisogalosmd.radviliskis.lm.lt\/index.php?rest_route=%2Fwp%2Fv2%2Fcomments&post=7313"}],"version-history":[{"count":46,"href":"https:\/\/www.baisogalosmd.radviliskis.lm.lt\/index.php?rest_route=\/wp\/v2\/pages\/7313\/revisions"}],"predecessor-version":[{"id":13620,"href":"https:\/\/www.baisogalosmd.radviliskis.lm.lt\/index.php?rest_route=\/wp\/v2\/pages\/7313\/revisions\/13620"}],"up":[{"embeddable":true,"href":"https:\/\/www.baisogalosmd.radviliskis.lm.lt\/index.php?rest_route=\/wp\/v2\/pages\/94"}],"wp:attachment":[{"href":"https:\/\/www.baisogalosmd.radviliskis.lm.lt\/index.php?rest_route=%2Fwp%2Fv2%2Fmedia&parent=7313"}],"curies":[{"name":"wp","href":"https:\/\/api.w.org\/{rel}","templated":true}]}}