{"id":8563,"date":"2020-11-28T14:21:23","date_gmt":"2020-11-28T12:21:23","guid":{"rendered":"https:\/\/www.baisogalosmd.radviliskis.lm.lt\/?page_id=8563"},"modified":"2022-10-19T15:29:56","modified_gmt":"2022-10-19T12:29:56","slug":"covid-19","status":"publish","type":"page","link":"https:\/\/www.baisogalosmd.radviliskis.lm.lt\/?page_id=8563","title":{"rendered":"Covid-19"},"content":{"rendered":"<h3 style=\"font-weight: 400;\"><a href=\"https:\/\/www.baisogalosmd.radviliskis.lm.lt\/wp-content\/uploads\/2022\/02\/Kur-kreiptis-del-nedarbingumo-pazymejimo-del-COVID-19-ligos-002.jpg\" target=\"_blank\" rel=\"noopener\"><strong>KUR KREIPTIS D\u0116L NEDARBINGUMO PA\u017dYM\u0116JIMO d\u0117l COVID-19 LIGOS (002)<\/strong><\/a><\/h3>\n<h3><a href=\"https:\/\/www.baisogalosmd.radviliskis.lm.lt\/wp-content\/uploads\/2022\/02\/Ka-daryti-gavus-teigiama-COVID-19-tyrimo-rezultata.jpg\" target=\"_blank\" rel=\"noopener\">K\u0104 DARYTI GAVUS TEIGIAM\u0104 COVID-19 TYRIMO REZULTAT\u0104<\/a><\/h3>\n<h3>ngg_shortcode_0_placeholder<\/h3>\n<h3><a href=\"https:\/\/www.baisogalosmd.radviliskis.lm.lt\/wp-content\/uploads\/2021\/03\/Vyriausyb\u0117s-nutarimas-NUO-2021-03-22.docx\" target=\"_blank\" rel=\"noopener noreferrer\">SVARBI INFORMACIJA T\u0116VAMS<\/a><\/h3>\n<h3><a href=\"https:\/\/www.baisogalosmd.radviliskis.lm.lt\/\/wp-content\/uploads\/2020\/09\/Kaip-elgtis-covid-19-atveju.docx\" target=\"_blank\" rel=\"noopener noreferrer\"><strong>KAIP ELGTIS SUSIRGUS COVID-19&nbsp;<\/strong><\/a><\/h3>\nngg_shortcode_1_placeholder\nngg_shortcode_2_placeholder\n","protected":false},"excerpt":{"rendered":"<p>KUR KREIPTIS D\u0116L NEDARBINGUMO PA\u017dYM\u0116JIMO d\u0117l COVID-19 LIGOS (002) K\u0104 DARYTI GAVUS TEIGIAM\u0104 COVID-19 TYRIMO REZULTAT\u0104 SVARBI INFORMACIJA T\u0116VAMS KAIP ELGTIS SUSIRGUS COVID-19&nbsp;<\/p>\n","protected":false},"author":1,"featured_media":0,"parent":0,"menu_order":0,"comment_status":"closed","ping_status":"closed","template":"","meta":{"ngg_post_thumbnail":0,"footnotes":""},"class_list":["post-8563","page","type-page","status-publish","hentry"],"_links":{"self":[{"href":"https:\/\/www.baisogalosmd.radviliskis.lm.lt\/index.php?rest_route=\/wp\/v2\/pages\/8563","targetHints":{"allow":["GET"]}}],"collection":[{"href":"https:\/\/www.baisogalosmd.radviliskis.lm.lt\/index.php?rest_route=\/wp\/v2\/pages"}],"about":[{"href":"https:\/\/www.baisogalosmd.radviliskis.lm.lt\/index.php?rest_route=\/wp\/v2\/types\/page"}],"author":[{"embeddable":true,"href":"https:\/\/www.baisogalosmd.radviliskis.lm.lt\/index.php?rest_route=\/wp\/v2\/users\/1"}],"replies":[{"embeddable":true,"href":"https:\/\/www.baisogalosmd.radviliskis.lm.lt\/index.php?rest_route=%2Fwp%2Fv2%2Fcomments&post=8563"}],"version-history":[{"count":24,"href":"https:\/\/www.baisogalosmd.radviliskis.lm.lt\/index.php?rest_route=\/wp\/v2\/pages\/8563\/revisions"}],"predecessor-version":[{"id":10443,"href":"https:\/\/www.baisogalosmd.radviliskis.lm.lt\/index.php?rest_route=\/wp\/v2\/pages\/8563\/revisions\/10443"}],"wp:attachment":[{"href":"https:\/\/www.baisogalosmd.radviliskis.lm.lt\/index.php?rest_route=%2Fwp%2Fv2%2Fmedia&parent=8563"}],"curies":[{"name":"wp","href":"https:\/\/api.w.org\/{rel}","templated":true}]}}