{"id":88,"date":"2014-01-21T17:39:37","date_gmt":"2014-01-21T15:39:37","guid":{"rendered":"http:\/\/www2169.vu.lt\/?page_id=88"},"modified":"2022-01-26T15:10:07","modified_gmt":"2022-01-26T13:10:07","slug":"apie-mokykla","status":"publish","type":"page","link":"https:\/\/www.baisogalosmd.radviliskis.lm.lt\/?page_id=88","title":{"rendered":"Apie mokykl\u0105"},"content":{"rendered":"<p style=\"text-align: center;\">ngg_shortcode_0_placeholder<\/p>\n<h3 style=\"text-align: center;\"><span style=\"font-family: times new roman,times; font-size: large;\">1959 metai (90 viet\u0173)<\/span><\/h3>\n<h3 style=\"text-align: center;\"><span style=\"font-family: times new roman,times; font-size: large;\"> Vadovai: Joana Dailidien\u0117 1959 m.&nbsp;&#8211; 1962 m.<\/span><\/h3>\n<h3 style=\"text-align: center;\"><span style=\"font-family: times new roman,times; font-size: large;\"> Li\u016bn\u0117 Luk\u0161ien\u0117 1962 m.&nbsp;&#8211; 1963 m.<\/span><\/h3>\n<h3 style=\"text-align: center;\"><span style=\"font-family: times new roman,times; font-size: large;\"> Gra\u017eina Zakien\u0117 \/ Bogu\u017eien\u0117 1963 m.&nbsp;&#8211; 1968 m.<\/span><\/h3>\nngg_shortcode_1_placeholder\n<h3 style=\"text-align: center;\"><span style=\"font-family: times new roman,times; font-size: large;\">1968 metai (140 viet\u0173)<\/span><\/h3>\n<h3 style=\"text-align: center;\"><span style=\"font-family: times new roman,times; font-size: large;\"> Vadovai: Gra\u017eina Zakien\u0117&nbsp;&#8211; Bogu\u017eien\u0117 1968 m.<\/span><\/h3>\n<h3 style=\"text-align: center;\"><span style=\"font-family: times new roman,times; font-size: large;\"> Elena Vida Pu\u017eauskien\u0117 1968 m.&nbsp;&#8211; 1978 m.<\/span><\/h3>\n<h3 style=\"text-align: center;\"><span style=\"font-family: times new roman,times; font-size: large;\"> Genovait\u0117 Kazirskien\u0117 1978 m.&nbsp;&#8211; 1985 m.<\/span><\/h3>\nngg_shortcode_2_placeholder\n<h3 style=\"text-align: center;\"><span style=\"font-family: times new roman,times; font-size: large;\">1985 metai (305 vietos)<\/span><\/h3>\n<h3 style=\"text-align: center;\"><span style=\"font-family: times new roman,times; font-size: large;\">1993 metais lop\u0161elis&nbsp;&#8211; dar\u017eelis reorganizuotas \u012f mokykl\u0105 &#8211; dar\u017eel\u012f.<\/span><\/h3>\n<h3 style=\"text-align: center;\"><span style=\"font-family: times new roman,times; font-size: large;\"> Vadovai: Genovait\u0117 Kazirskien\u0117 1985 m.&nbsp;&#8211; 1987 m.<\/span><\/h3>\n<h3 style=\"text-align: center;\"><span style=\"font-family: times new roman,times; font-size: large;\"> Vilija Ka\u0161\u010dionien\u0117 1987 m.&nbsp;&#8211; 1989 m.<\/span><\/h3>\n<h3 style=\"text-align: center;\"><span style=\"font-family: times new roman,times; font-size: large;\"> Vita Po\u0161kien\u0117 \/ Fessler&nbsp; 1989 m. &#8211; 2019 m.<\/span><\/h3>\n<h3 style=\"text-align: center;\"><span style=\"font-family: times new roman,times; font-size: large;\">Gra\u017eina Areli\u016bnien\u0117&nbsp; l.e.p.&nbsp; 2019 m. &#8211; 2021 m. kovo 22 d,<\/span><\/h3>\n<h3 style=\"text-align: center;\"><span style=\"font-family: times new roman,times; font-size: large;\">Au\u0161ra Krugelien\u0117 nuo 2021 m. kovo 22 d.<\/span><\/h3>\n<h3 style=\"text-align: center;\">&nbsp;<\/h3>\n","protected":false},"excerpt":{"rendered":"<p>1959 metai (90 viet\u0173) Vadovai: Joana Dailidien\u0117 1959 m.&nbsp;&#8211; 1962 m. Li\u016bn\u0117 Luk\u0161ien\u0117 1962 m.&nbsp;&#8211; 1963 m. Gra\u017eina Zakien\u0117 \/ Bogu\u017eien\u0117 1963 m.&nbsp;&#8211; 1968 m. 1968 metai (140 viet\u0173) Vadovai: Gra\u017eina Zakien\u0117&nbsp;&#8211; Bogu\u017eien\u0117 1968 m. Elena Vida Pu\u017eauskien\u0117 1968 m.&nbsp;&#8211; 1978 m. Genovait\u0117 Kazirskien\u0117 1978 m.&nbsp;&#8211; 1985 m. 1985 metai (305 vietos) 1993 metais lop\u0161elis&nbsp;&#8211; [&hellip;]<\/p>\n","protected":false},"author":1,"featured_media":0,"parent":94,"menu_order":0,"comment_status":"closed","ping_status":"closed","template":"","meta":{"ngg_post_thumbnail":0,"footnotes":""},"class_list":["post-88","page","type-page","status-publish","hentry"],"_links":{"self":[{"href":"https:\/\/www.baisogalosmd.radviliskis.lm.lt\/index.php?rest_route=\/wp\/v2\/pages\/88","targetHints":{"allow":["GET"]}}],"collection":[{"href":"https:\/\/www.baisogalosmd.radviliskis.lm.lt\/index.php?rest_route=\/wp\/v2\/pages"}],"about":[{"href":"https:\/\/www.baisogalosmd.radviliskis.lm.lt\/index.php?rest_route=\/wp\/v2\/types\/page"}],"author":[{"embeddable":true,"href":"https:\/\/www.baisogalosmd.radviliskis.lm.lt\/index.php?rest_route=\/wp\/v2\/users\/1"}],"replies":[{"embeddable":true,"href":"https:\/\/www.baisogalosmd.radviliskis.lm.lt\/index.php?rest_route=%2Fwp%2Fv2%2Fcomments&post=88"}],"version-history":[{"count":24,"href":"https:\/\/www.baisogalosmd.radviliskis.lm.lt\/index.php?rest_route=\/wp\/v2\/pages\/88\/revisions"}],"predecessor-version":[{"id":9842,"href":"https:\/\/www.baisogalosmd.radviliskis.lm.lt\/index.php?rest_route=\/wp\/v2\/pages\/88\/revisions\/9842"}],"up":[{"embeddable":true,"href":"https:\/\/www.baisogalosmd.radviliskis.lm.lt\/index.php?rest_route=\/wp\/v2\/pages\/94"}],"wp:attachment":[{"href":"https:\/\/www.baisogalosmd.radviliskis.lm.lt\/index.php?rest_route=%2Fwp%2Fv2%2Fmedia&parent=88"}],"curies":[{"name":"wp","href":"https:\/\/api.w.org\/{rel}","templated":true}]}}