{"id":94,"date":"2014-01-21T17:54:26","date_gmt":"2014-01-21T15:54:26","guid":{"rendered":"http:\/\/www2169.vu.lt\/?page_id=94"},"modified":"2014-02-12T20:44:00","modified_gmt":"2014-02-12T18:44:00","slug":"veikla","status":"publish","type":"page","link":"https:\/\/www.baisogalosmd.radviliskis.lm.lt\/?page_id=94","title":{"rendered":"Veikla"},"content":{"rendered":"<h2><span style=\"font-family: times new roman,times;\">VIZIJA<\/span><\/h2>\n<h3><span style=\"font-family: times new roman,times;\">\u0160iuolaikin\u0117, nuolat besimokanti, atvira kaitai \u012fstaiga. Saugus, savo k\u016brybines galias realizuojantis vaikas.<\/span><\/h3>\n<h2><span style=\"font-family: times new roman,times;\">MISIJA<\/span><\/h2>\n<h3><span style=\"font-family: times new roman,times;\">U\u017etikrinti kokybi\u0161k\u0105 ikimokyklin\u012f, prie\u0161mokyklin\u012f ir pradin\u012f ugdym\u0105, sudaryti efektyvias s\u0105lygas kiekvienam vaikui pl\u0117toti savo geb\u0117jimus pagal prigimtines galias.<\/span><\/h3>\n<h2><span style=\"font-family: times new roman,times;\">FILOSOFIJA<\/span><\/h2>\n<h3><span style=\"font-family: times new roman,times;\">Pirmieji \u017eingsniai \u012f s\u0117km\u0119 prasideda ie\u0161kant sav\u0119s ir visatos. Kiekvienas vaikas yra tarsi ma\u017eoji visata, laukianti, kol ji bus atrasta.<\/span><\/h3>\n<h2><span style=\"font-family: times new roman,times;\">ESMIN\u0116S VERTYB\u0116S<\/span><\/h2>\n<h3><span style=\"font-family: times new roman,times;\">Kiekvienas vaikas pripa\u017e\u012fstamas kaip asmenyb\u0117 ir vertyb\u0117.<\/span><\/h3>\n<h3><span style=\"font-family: times new roman,times;\">Mokytojas &#8211; kvalifikuotas specialistas, sugebantis ir padedantis atsiskleisti kiekvieno vaiko asmenybei.<\/span><\/h3>\n<h3><span style=\"font-family: times new roman,times;\">T\u0117vai &#8211; aktyv\u016bs pagalbininkai vaik\u0173 ugdymo procese.<\/span><\/h3>\n<p>&nbsp;<\/p>\n<h3><\/h3>\n","protected":false},"excerpt":{"rendered":"<p>VIZIJA \u0160iuolaikin\u0117, nuolat besimokanti, atvira kaitai \u012fstaiga. Saugus, savo k\u016brybines galias realizuojantis vaikas. MISIJA U\u017etikrinti kokybi\u0161k\u0105 ikimokyklin\u012f, prie\u0161mokyklin\u012f ir pradin\u012f ugdym\u0105, sudaryti efektyvias s\u0105lygas kiekvienam vaikui pl\u0117toti savo geb\u0117jimus pagal prigimtines galias. FILOSOFIJA Pirmieji \u017eingsniai \u012f s\u0117km\u0119 prasideda ie\u0161kant sav\u0119s ir visatos. Kiekvienas vaikas yra tarsi ma\u017eoji visata, laukianti, kol ji bus atrasta. ESMIN\u0116S VERTYB\u0116S [&hellip;]<\/p>\n","protected":false},"author":1,"featured_media":0,"parent":0,"menu_order":0,"comment_status":"closed","ping_status":"closed","template":"","meta":{"ngg_post_thumbnail":0,"footnotes":""},"class_list":["post-94","page","type-page","status-publish","hentry"],"_links":{"self":[{"href":"https:\/\/www.baisogalosmd.radviliskis.lm.lt\/index.php?rest_route=\/wp\/v2\/pages\/94","targetHints":{"allow":["GET"]}}],"collection":[{"href":"https:\/\/www.baisogalosmd.radviliskis.lm.lt\/index.php?rest_route=\/wp\/v2\/pages"}],"about":[{"href":"https:\/\/www.baisogalosmd.radviliskis.lm.lt\/index.php?rest_route=\/wp\/v2\/types\/page"}],"author":[{"embeddable":true,"href":"https:\/\/www.baisogalosmd.radviliskis.lm.lt\/index.php?rest_route=\/wp\/v2\/users\/1"}],"replies":[{"embeddable":true,"href":"https:\/\/www.baisogalosmd.radviliskis.lm.lt\/index.php?rest_route=%2Fwp%2Fv2%2Fcomments&post=94"}],"version-history":[{"count":2,"href":"https:\/\/www.baisogalosmd.radviliskis.lm.lt\/index.php?rest_route=\/wp\/v2\/pages\/94\/revisions"}],"predecessor-version":[{"id":377,"href":"https:\/\/www.baisogalosmd.radviliskis.lm.lt\/index.php?rest_route=\/wp\/v2\/pages\/94\/revisions\/377"}],"wp:attachment":[{"href":"https:\/\/www.baisogalosmd.radviliskis.lm.lt\/index.php?rest_route=%2Fwp%2Fv2%2Fmedia&parent=94"}],"curies":[{"name":"wp","href":"https:\/\/api.w.org\/{rel}","templated":true}]}}