{"id":9597,"date":"2021-09-29T20:03:27","date_gmt":"2021-09-29T17:03:27","guid":{"rendered":"https:\/\/www.baisogalosmd.radviliskis.lm.lt\/?page_id=9597"},"modified":"2026-01-22T20:42:24","modified_gmt":"2026-01-22T18:42:24","slug":"viesieji-pirkimai-2","status":"publish","type":"page","link":"https:\/\/www.baisogalosmd.radviliskis.lm.lt\/?page_id=9597","title":{"rendered":"Vie\u0161ieji pirkimai"},"content":{"rendered":"<h1><a href=\"https:\/\/www.baisogalosmd.radviliskis.lm.lt\/wp-content\/uploads\/2025\/11\/Viesieji-pirkAprasas-2025-05-27.pdf\" target=\"_blank\" rel=\"noopener\">Vie\u0161\u0173j\u0173 pirkim\u0173 organizavimo veiklos apra\u0161as<\/a><\/h1>\n<h1><a href=\"https:\/\/www.baisogalosmd.radviliskis.lm.lt\/wp-content\/uploads\/2026\/01\/2026-m.-pirkimu-planas.pdf\" target=\"_blank\" rel=\"noopener\">Pirkim\u0173 planas 2026 m.<\/a><\/h1>\n<h1><a href=\"https:\/\/www.baisogalosmd.radviliskis.lm.lt\/wp-content\/uploads\/2026\/01\/2025-m.-pirkimu-planas.pdf\" target=\"_blank\" rel=\"noopener\">Pirkim\u0173 planas 2025 m.<\/a><\/h1>\n<h1><a href=\"https:\/\/www.baisogalosmd.radviliskis.lm.lt\/wp-content\/uploads\/2024\/02\/2024-planas.pdf\" target=\"_blank\" rel=\"noopener\">Pirkim\u0173 planas 2024 m.<\/a><\/h1>\n<p>&nbsp;<\/p>\n<p>&nbsp;<\/p>\n<p>&nbsp;<\/p>\n","protected":false},"excerpt":{"rendered":"<p>Vie\u0161\u0173j\u0173 pirkim\u0173 organizavimo veiklos apra\u0161as Pirkim\u0173 planas 2026 m. Pirkim\u0173 planas 2025 m. Pirkim\u0173 planas 2024 m. &nbsp; &nbsp; &nbsp;<\/p>\n","protected":false},"author":1,"featured_media":0,"parent":0,"menu_order":0,"comment_status":"closed","ping_status":"closed","template":"","meta":{"ngg_post_thumbnail":0,"footnotes":""},"class_list":["post-9597","page","type-page","status-publish","hentry"],"_links":{"self":[{"href":"https:\/\/www.baisogalosmd.radviliskis.lm.lt\/index.php?rest_route=\/wp\/v2\/pages\/9597","targetHints":{"allow":["GET"]}}],"collection":[{"href":"https:\/\/www.baisogalosmd.radviliskis.lm.lt\/index.php?rest_route=\/wp\/v2\/pages"}],"about":[{"href":"https:\/\/www.baisogalosmd.radviliskis.lm.lt\/index.php?rest_route=\/wp\/v2\/types\/page"}],"author":[{"embeddable":true,"href":"https:\/\/www.baisogalosmd.radviliskis.lm.lt\/index.php?rest_route=\/wp\/v2\/users\/1"}],"replies":[{"embeddable":true,"href":"https:\/\/www.baisogalosmd.radviliskis.lm.lt\/index.php?rest_route=%2Fwp%2Fv2%2Fcomments&post=9597"}],"version-history":[{"count":12,"href":"https:\/\/www.baisogalosmd.radviliskis.lm.lt\/index.php?rest_route=\/wp\/v2\/pages\/9597\/revisions"}],"predecessor-version":[{"id":13649,"href":"https:\/\/www.baisogalosmd.radviliskis.lm.lt\/index.php?rest_route=\/wp\/v2\/pages\/9597\/revisions\/13649"}],"wp:attachment":[{"href":"https:\/\/www.baisogalosmd.radviliskis.lm.lt\/index.php?rest_route=%2Fwp%2Fv2%2Fmedia&parent=9597"}],"curies":[{"name":"wp","href":"https:\/\/api.w.org\/{rel}","templated":true}]}}